{"id":2872,"date":"2024-05-27T16:57:39","date_gmt":"2024-05-27T16:57:39","guid":{"rendered":"https:\/\/bitcoinhelixai.com\/about-us\/"},"modified":"2025-06-13T22:33:17","modified_gmt":"2025-06-13T22:33:17","slug":"about-us","status":"publish","type":"page","link":"https:\/\/bitcoinhelixai.com\/cs\/about-us\/","title":{"rendered":"O n\u00e1s"},"content":{"rendered":"<p>Bitcoin Helix AI je va\u0161e d\u016fv\u011bryhodn\u00e1 platforma, kde m\u016f\u017eete obchodovat s kryptom\u011bnami a z\u00edskat vzd\u011bl\u00e1n\u00ed v oblasti obchodov\u00e1n\u00ed, tip\u016f a strategi\u00ed. Na\u0161\u00edm c\u00edlem je umo\u017enit obchodn\u00edk\u016fm, nov\u00fdm i zku\u0161en\u00fdm, z\u00edskat znalosti a n\u00e1stroje, kter\u00e9 pot\u0159ebuj\u00ed k tomu, aby v neust\u00e1le se m\u011bn\u00edc\u00edm sv\u011bt\u011b kryptom\u011bn v\u00edt\u011bzili. Bez ohledu na to, \u017ee jste za\u010d\u00e1te\u010dn\u00edk nebo zku\u0161en\u00fd obchodn\u00edk, kter\u00fd chce zdokonalit svou strategii, v\u00e1s povedeme na ka\u017ed\u00e9m kroku a pom\u016f\u017eeme v\u00e1m usp\u011bt.<\/p>\n<h2>Na\u0161e po\u010d\u00e1tky: V\u00e1\u0161e\u0148 pro kryptom\u011bny a vzd\u011bl\u00e1v\u00e1n\u00ed<\/h2>\n<p>P\u0159\u00edb\u011bh um\u011bl\u00e9 inteligence spole\u010dnosti Bitcoin Helix za\u010d\u00edn\u00e1 v\u00e1\u0161n\u00ed pro kryptom\u011bny a odhodl\u00e1n\u00edm nab\u00edzet vzd\u011bl\u00e1v\u00e1n\u00ed dostupn\u00e9 v\u0161em. Na\u0161i tv\u016frci, t\u00fdm slo\u017een\u00fd z ost\u0159\u00edlen\u00fdch obchodn\u00edk\u016f, u\u010ditel\u016f a technologick\u00fdch profesion\u00e1l\u016f, vid\u011bli pot\u0159ebu p\u0159ekonat vzd\u00e1lenost mezi slo\u017eitost\u00ed obchodov\u00e1n\u00ed s kryptom\u011bnami a poskytov\u00e1n\u00edm pou\u017eiteln\u00fdch vzd\u011bl\u00e1vac\u00edch zdroj\u016f. Pochopili, \u017ee a\u010dkoli na kryptotrhu existuje spousta p\u0159\u00edle\u017eitost\u00ed, je zde nedostatek strukturovan\u00e9ho a snadno dostupn\u00e9ho vzd\u011bl\u00e1v\u00e1n\u00ed, co\u017e ponech\u00e1v\u00e1 mnoho obchodn\u00edk\u016f n\u00e1chyln\u00fdch k riskantn\u00edm chyb\u00e1m.<\/p>\n<p>A tak vznikl Bitcoin Helix AI, kde spojujeme dlouholet\u00e9 zku\u0161enosti s obchodov\u00e1n\u00edm s detailn\u00edm porozum\u011bn\u00edm vzd\u011bl\u00e1vac\u00edm metod\u00e1m, abychom poskytli platformu, kter\u00e1 je snadno pou\u017eiteln\u00e1, pronikav\u00e1 a p\u0159\u00edstupn\u00e1 v\u0161em obchodn\u00edk\u016fm. V pr\u016fb\u011bhu let se Bitcoin Helix AI vyvinul v jednu z nejd\u016fv\u011bryhodn\u011bj\u0161\u00edch vzd\u011bl\u00e1vac\u00edch platforem pro kryptom\u011bny, kter\u00e1 se neust\u00e1le vyv\u00edj\u00ed, aby slou\u017eila pot\u0159eb\u00e1m sv\u00fdch u\u017eivatel\u016f.<\/p>\n<h2>Po\u010d\u00e1tky kryptom\u011bn<\/h2>\n<p>Nelze mluvit o kryptom\u011bn\u00e1ch, ani\u017e bychom se zm\u00ednili o Bitcoinu. Oba vznikly v roce 2009 d\u00edky anonymn\u00ed postav\u011b zn\u00e1m\u00e9 pouze jako Satoshi Nakamoto. Nakamotova my\u0161lenka spo\u010d\u00edvala ve vytvo\u0159en\u00ed decentralizovan\u00e9ho, peer-to-peer m\u011bnov\u00e9ho syst\u00e9mu, kter\u00fd by mohl fungovat, ani\u017e by pot\u0159eboval centr\u00e1ln\u00ed dohled, jako je banka nebo vl\u00e1da, kter\u00e1 by tahala za nitky. Tato revolu\u010dn\u00ed vize usilovala o zaji\u0161t\u011bn\u00ed finan\u010dn\u00ed svobody, transparentnosti a bezpe\u010dnosti prost\u0159ednictv\u00edm technologie blockchain.<\/p>\n<p>Blockchain je decentralizovan\u00e1 \u00fa\u010detn\u00ed kniha, v n\u00ed\u017e je zaznamen\u00e1na ka\u017ed\u00e1 transakce. Ta je ve\u0159ejn\u00e1 a zabezpe\u010den\u00e1 procesem zvan\u00fdm t\u011b\u017eba, d\u00edky \u010demu\u017e jsou v\u0161echny prov\u00e1d\u011bn\u00e9 transakce transparentn\u00ed. Od sv\u00e9ho vzniku hodnota bitcoinu skokov\u011b vzrostla a p\u0159il\u00e1kala do oblasti kryptom\u011bn miliony u\u017eivatel\u016f, investor\u016f a v\u00fdvoj\u00e1\u0159\u016f.<br \/>\nVznikly tak\u00e9 tis\u00edce dal\u0161\u00edch kryptom\u011bn, p\u0159i\u010dem\u017e ka\u017ed\u00e1 z nich nab\u00edz\u00ed jedine\u010dn\u00e9 funkce a \u00fa\u010dely. Ethereum nap\u0159\u00edklad spustilo chytr\u00e9 kontrakty, kter\u00e9 v\u00fdvoj\u00e1\u0159\u016fm umo\u017enily vytv\u00e1\u0159et decentralizovan\u00e9 aplikace (dApps) na jeho blockchainu. Dal\u0161\u00ed nab\u00eddky, jako Litecoin, Ripple (XRP) a Cardano, p\u0159isp\u011bly ka\u017ed\u00e1 n\u011b\u010d\u00edm nov\u00fdm a d\u00e1le roz\u0161\u00ed\u0159ily mo\u017enosti technologie blockchain.<\/p>\n<h2>Vzd\u011bl\u00e1v\u00e1n\u00ed, komunita a obchodn\u00ed strategie<\/h2>\n<p>Ve spole\u010dnosti Bitcoin Helix AI je pro \u00fasp\u011bch na va\u0161\u00ed obchodn\u00ed cest\u011b nejd\u016fle\u017eit\u011bj\u0161\u00ed vzd\u011bl\u00e1n\u00ed. Proto jsme vybudovali platformu, kter\u00e1 up\u0159ednost\u0148uje dostupn\u00e9 a kvalitn\u00ed vzd\u011bl\u00e1vac\u00ed zdroje pro na\u0161e u\u017eivatele. Ch\u00e1peme, \u017ee pono\u0159it se do sv\u011bta kryptom\u011bn m\u016f\u017ee b\u00fdt na za\u010d\u00e1tku zdrcuj\u00edc\u00ed, ale se spr\u00e1vn\u00fdm veden\u00edm se ka\u017ed\u00fd m\u016f\u017ee nau\u010dit obchodovat s jistotou.<\/p>\n<h2>Vzd\u011bl\u00e1v\u00e1n\u00ed: Znalosti: posilujeme v\u00e1s znalostmi<\/h2>\n<p>Nab\u00edz\u00edme rozs\u00e1hl\u00e9 vzd\u011bl\u00e1vac\u00ed zdroje \u0161it\u00e9 na m\u00edru obchodn\u00edk\u016fm v\u0161ech \u00farovn\u00ed. A\u0165 u\u017e jste nov\u00e1\u010dek, nebo zku\u0161en\u00fd obchodn\u00edk, kter\u00fd chce zdokonalit sv\u00e9 dovednosti, Helix AI m\u00e1 n\u011bco pro v\u00e1s. Na\u0161e vzd\u011bl\u00e1vac\u00ed moduly pokr\u00fdvaj\u00ed \u0161irokou \u0161k\u00e1lu t\u00e9mat, v\u010detn\u011b:<\/p>\n<p>Pochopen\u00ed z\u00e1klad\u016f kryptom\u011bn: Nab\u00edz\u00edme srozumiteln\u00fd popis hlavn\u00edch pojm\u016f kryptom\u011bn, jako je blockchain, t\u011b\u017eba a pen\u011b\u017eenky.<\/p>\n<p>Technick\u00e1 anal\u00fdza: Nau\u010dte se rozum\u011bt tr\u017en\u00edm graf\u016fm, indik\u00e1tor\u016fm a vzorc\u016fm, kter\u00e9 v\u00e1m pomohou \u010dinit informovan\u00e1 rozhodnut\u00ed.<\/p>\n<p>Strategie obchodov\u00e1n\u00ed: Vyzkou\u0161ejte si obchodov\u00e1n\u00ed na trz\u00edch, kter\u00e9 jsou pro v\u00e1s nejvhodn\u011bj\u0161\u00ed: Vyzkou\u0161ejte si osv\u011bd\u010den\u00e9 strategie pro denn\u00ed obchodov\u00e1n\u00ed, swingov\u00e9 obchodov\u00e1n\u00ed a dlouhodob\u00e9 investov\u00e1n\u00ed.<\/p>\n<p>\u0158\u00edzen\u00ed rizik: Pochopte, jak \u0159\u00eddit riziko a chr\u00e1nit investice na volatiln\u00edch trz\u00edch.<\/p>\n<p>Ka\u017ed\u00fd modul je nastaven tak, aby provedl obchodn\u00edka od ABC obchodov\u00e1n\u00ed s kryptom\u011bnami a\u017e po pokro\u010dil\u00e9 strategie. M\u016f\u017eete postupovat sv\u00fdm vlastn\u00edm tempem a st\u00e1t se v m\u017eiku odborn\u00fdm obchodn\u00edkem.<\/p>\n<h2>Komunita: V r\u00e1mci projektu se m\u016f\u017eete sezn\u00e1mit s r\u016fzn\u00fdmi typy obchod\u016f, kter\u00e9 se t\u00fdkaj\u00ed kryptom\u011bn, a to jak v oblasti obchodov\u00e1n\u00ed, tak i v oblasti obchodov\u00e1n\u00ed na burze: U\u010d\u00edme se spole\u010dn\u011b<\/h2>\n<p>Ve spole\u010dnosti Bitcoin Helix AI jsme vybudovali silnou komunitu obchodn\u00edk\u016f, kte\u0159\u00ed se cht\u011bj\u00ed pod\u011blit o sv\u00e9 zku\u0161enosti a poznatky a v\u00e9st novou generaci obchodn\u00edk\u016f. Na\u0161e komunita je na\u0161\u00ed p\u00fdchou a radost\u00ed a poskytuje prostor, kde se studenti mohou pt\u00e1t, vym\u011b\u0148ovat si n\u00e1pady a spole\u010dn\u011b r\u016fst.<\/p>\n<p>S ostatn\u00edmi obchodn\u00edky v na\u0161\u00ed komunit\u011b se m\u016f\u017eete spojit prost\u0159ednictv\u00edm diskusn\u00edch f\u00f3r, webin\u00e1\u0159\u016f, \u017eiv\u00fdch setk\u00e1n\u00ed s ot\u00e1zkami a odpov\u011b\u010fmi a dal\u0161\u00edch akc\u00ed. M\u016f\u017eete jim kl\u00e1st ot\u00e1zky a z\u00edsk\u00e1vat poznatky od za\u010d\u00ednaj\u00edc\u00edch i zku\u0161en\u00fdch obchodn\u00edk\u016f. N\u00e1\u0161 t\u00fdm se tak\u00e9 aktivn\u011b zapojuje do komunity, poskytuje soustavnou podporu a odpov\u00edd\u00e1 na v\u0161echny va\u0161e dotazy.<\/p>\n<h2>Tipy a strategie: Obchodov\u00e1n\u00ed s d\u016fv\u011brou<\/h2>\n<p>Abyste jako obchodn\u00edk s kryptom\u011bnami pln\u011b usp\u011bli, budete krom\u011b znalost\u00ed pot\u0159ebovat i spr\u00e1vn\u00e9 strategie. Zde p\u0159ich\u00e1z\u00ed na \u0159adu spole\u010dnost Helix AI, kter\u00e1 poskytuje nep\u0159ebern\u00e9 mno\u017estv\u00ed u\u017eite\u010dn\u00fdch tip\u016f a trik\u016f. Ty v\u00e1m pomohou zdokonalit va\u0161i strategii a zajist\u00ed \u00fasp\u011bch na trhu s kryptom\u011bnami.<\/p>\n<p>Z\u016fsta\u0148te informov\u00e1ni: M\u011bjte p\u0159ehled o nejnov\u011bj\u0161\u00edch trendech a zpr\u00e1v\u00e1ch na trhu, kter\u00e9 v\u00e1m umo\u017en\u00ed p\u0159ij\u00edmat rozhodnut\u00ed zalo\u017een\u00e1 na datech.<\/p>\n<p>\u0158\u00edzen\u00ed rizik: Zjist\u011bte, jak se v\u00e1m da\u0159\u00ed \u0159\u00eddit rizika: Zjist\u011bte, jak m\u016f\u017eete posoudit pom\u011br rizika a v\u00fdnosu a vyhnout se v\u00fdznamn\u00fdm ztr\u00e1t\u00e1m.<\/p>\n<p>Diverzifikujte sv\u00e9 portfolio: Zjist\u011bte, pro\u010d je d\u016fle\u017eit\u00e9 diverzifikovat sv\u00e9 investice a m\u016f\u017eete je vyv\u00e1\u017eit nap\u0159\u00ed\u010d r\u016fzn\u00fdmi kryptom\u011bnami.<\/p>\n<p>Vyu\u017e\u00edvejte pokro\u010dil\u00e9 strategie: Bitcoin Helix AI nab\u00edz\u00ed podrobn\u00e9 lekce pokro\u010dil\u00fdch strategi\u00ed pro zku\u0161en\u00e9 obchodn\u00edky, kte\u0159\u00ed se u\u010d\u00ed roz\u0161i\u0159ovat sv\u00e9 znalosti a dovednosti.<\/p>\n<p>Se spr\u00e1vn\u00fdmi n\u00e1stroji a strategiemi budete vybaveni tak, abyste mohli \u010dinit informovan\u00e1 rozhodnut\u00ed a p\u0159evz\u00edt kontrolu nad svou obchodn\u00ed cestou.<\/p>\n","protected":false},"excerpt":{"rendered":"<p>je va\u0161e d\u016fv\u011bryhodn\u00e1 platforma, kde m\u016f\u017eete obchodovat s kryptom\u011bnami a z\u00edskat vzd\u011bl\u00e1n\u00ed v oblasti obchodov\u00e1n\u00ed, tip\u016f a strategi\u00ed. Na\u0161\u00edm c\u00edlem je umo\u017enit obchodn\u00edk\u016fm, nov\u00fdm i zku\u0161en\u00fdm, z\u00edskat znalosti a n\u00e1stroje, kter\u00e9 pot\u0159ebuj\u00ed k tomu, aby v neust\u00e1le se m\u011bn\u00edc\u00edm sv\u011bt\u011b kryptom\u011bn v\u00edt\u011bzili. Bez ohledu na to, \u017ee jste za\u010d\u00e1te\u010dn\u00edk nebo zku\u0161en\u00fd obchodn\u00edk, kter\u00fd chce zdokonalit [&hellip;]<\/p>\n","protected":false},"author":2,"featured_media":0,"parent":0,"menu_order":0,"comment_status":"closed","ping_status":"closed","template":"page-about.php","meta":{"footnotes":""},"class_list":["post-2872","page","type-page","status-publish","hentry"],"yoast_head":"<!-- This site is optimized with the Yoast SEO plugin v23.8 - https:\/\/yoast.com\/wordpress\/plugins\/seo\/ -->\n<title>Bitcoin Helix AI \u2122 | Offici\u00eble website 2026 | Claim nu!<\/title>\n<meta name=\"robots\" content=\"index, follow, max-snippet:-1, max-image-preview:large, max-video-preview:-1\" \/>\n<meta property=\"og:locale\" content=\"cs_CZ\" \/>\n<meta property=\"og:site_name\" content=\"Bitcoin Helix AI\" \/>\n<meta property=\"article:modified_time\" content=\"2025-06-13T22:33:17+00:00\" \/>\n<meta name=\"twitter:card\" content=\"summary_large_image\" \/>\n<meta name=\"twitter:label1\" content=\"Odhadovan\u00e1 doba \u010dten\u00ed\" \/>\n\t<meta name=\"twitter:data1\" content=\"4 minuty\" \/>\n<!-- \/ Yoast SEO plugin. -->","yoast_head_json":{"title":"Bitcoin Helix AI \u2122 | Offici\u00eble website 2026 | Claim nu!","robots":{"index":"index","follow":"follow","max-snippet":"max-snippet:-1","max-image-preview":"max-image-preview:large","max-video-preview":"max-video-preview:-1"},"og_locale":"cs_CZ","og_site_name":"Bitcoin Helix AI","article_modified_time":"2025-06-13T22:33:17+00:00","twitter_card":"summary_large_image","twitter_misc":{"Odhadovan\u00e1 doba \u010dten\u00ed":"4 minuty"},"schema":{"@context":"https:\/\/schema.org","@graph":[{"@type":"WebPage","@id":"https:\/\/bitcoinhelixai.com\/cs\/about-us\/","url":"https:\/\/bitcoinhelixai.com\/cs\/about-us\/","name":"O n\u00e1s - Bitcoin Helix AI","isPartOf":{"@id":"https:\/\/bitcoinhelixai.com\/#website"},"datePublished":"2024-05-27T16:57:39+00:00","dateModified":"2025-06-13T22:33:17+00:00","breadcrumb":{"@id":"https:\/\/bitcoinhelixai.com\/cs\/about-us\/#breadcrumb"},"inLanguage":"cs","potentialAction":[{"@type":"ReadAction","target":["https:\/\/bitcoinhelixai.com\/cs\/about-us\/"]}]},{"@type":"BreadcrumbList","@id":"https:\/\/bitcoinhelixai.com\/cs\/about-us\/#breadcrumb","itemListElement":[{"@type":"ListItem","position":1,"name":"Home","item":"https:\/\/bitcoinhelixai.com\/"},{"@type":"ListItem","position":2,"name":"O n\u00e1s"}]},{"@type":"WebSite","@id":"https:\/\/bitcoinhelixai.com\/#website","url":"https:\/\/bitcoinhelixai.com\/","name":"Bitcoin Helix AI","description":"","potentialAction":[{"@type":"SearchAction","target":{"@type":"EntryPoint","urlTemplate":"https:\/\/bitcoinhelixai.com\/?s={search_term_string}"},"query-input":{"@type":"PropertyValueSpecification","valueRequired":true,"valueName":"search_term_string"}}],"inLanguage":"cs"}]}},"_links":{"self":[{"href":"https:\/\/bitcoinhelixai.com\/cs\/wp-json\/wp\/v2\/pages\/2872","targetHints":{"allow":["GET"]}}],"collection":[{"href":"https:\/\/bitcoinhelixai.com\/cs\/wp-json\/wp\/v2\/pages"}],"about":[{"href":"https:\/\/bitcoinhelixai.com\/cs\/wp-json\/wp\/v2\/types\/page"}],"author":[{"embeddable":true,"href":"https:\/\/bitcoinhelixai.com\/cs\/wp-json\/wp\/v2\/users\/2"}],"replies":[{"embeddable":true,"href":"https:\/\/bitcoinhelixai.com\/cs\/wp-json\/wp\/v2\/comments?post=2872"}],"version-history":[{"count":9,"href":"https:\/\/bitcoinhelixai.com\/cs\/wp-json\/wp\/v2\/pages\/2872\/revisions"}],"predecessor-version":[{"id":3285,"href":"https:\/\/bitcoinhelixai.com\/cs\/wp-json\/wp\/v2\/pages\/2872\/revisions\/3285"}],"wp:attachment":[{"href":"https:\/\/bitcoinhelixai.com\/cs\/wp-json\/wp\/v2\/media?parent=2872"}],"curies":[{"name":"wp","href":"https:\/\/api.w.org\/{rel}","templated":true}]}}