{"id":2088,"date":"2024-05-27T16:58:01","date_gmt":"2024-05-27T16:58:01","guid":{"rendered":"https:\/\/loc.bitcoinhelixai.com\/contact-us\/"},"modified":"2025-06-13T22:34:49","modified_gmt":"2025-06-13T22:34:49","slug":"contact-us","status":"publish","type":"page","link":"https:\/\/bitcoinhelixai.com\/de\/contact-us\/","title":{"rendered":"Kontakt"},"content":{"rendered":"<div>\n<h1>Kontakt zu Bitcoin Helix AI<\/h1>\n<p>Ganz gleich, ob Sie Fragen haben, Unterst\u00fctzung ben\u00f6tigen oder uns Ihr Feedback geben m\u00f6chten, unser Team ist f\u00fcr Sie da. Bitte verwenden Sie die unten stehenden Informationen, um mit uns in Kontakt zu treten.<\/p>\n<\/div>\n<div>\n<h4>Postanschrift<\/h4>\n<p>C\/ de C\u00f2rsega, 284, 1 Pis,<br \/>\nEixample, 08008<br \/>\nBarcelona,<br \/>\nSpanien<\/p>\n<h4>Gesch\u00e4ftliche Anfragen<\/h4>\n<p>F\u00fcr Partnerschaftsm\u00f6glichkeiten, Medienanfragen oder andere gesch\u00e4ftsbezogene Angelegenheiten kontaktieren Sie uns bitte unter:<br \/>\n<a href=\"mailto:business@bitcoinhelixai.com\">business@bitcoinhelixai.com<\/a><\/p>\n<h4>E-Mail-Unterst\u00fctzung<\/h4>\n<p>F\u00fcr alle Anfragen oder Support-Anfragen senden Sie uns bitte eine E-Mail an:<br \/>\n<a href=\"mailto:support@bitcoinhelixai.com\">support@bitcoinhelixai.com<\/a><\/p>\n<\/div>\n","protected":false},"excerpt":{"rendered":"<p>Kontakt zu Ganz gleich, ob Sie Fragen haben, Unterst\u00fctzung ben\u00f6tigen oder uns Ihr Feedback geben m\u00f6chten, unser Team ist f\u00fcr Sie da. Bitte verwenden Sie die unten stehenden Informationen, um mit uns in Kontakt zu treten. Postanschrift C\/ de C\u00f2rsega, 284, 1 Pis, Eixample, 08008 Barcelona, Spanien Gesch\u00e4ftliche Anfragen F\u00fcr Partnerschaftsm\u00f6glichkeiten, Medienanfragen oder andere gesch\u00e4ftsbezogene [&hellip;]<\/p>\n","protected":false},"author":2,"featured_media":0,"parent":0,"menu_order":0,"comment_status":"closed","ping_status":"closed","template":"page-contact.php","meta":{"footnotes":""},"class_list":["post-2088","page","type-page","status-publish","hentry"],"yoast_head":"<!-- This site is optimized with the Yoast SEO plugin v23.8 - https:\/\/yoast.com\/wordpress\/plugins\/seo\/ -->\n<title>Bitcoin Helix AI \u2122 | Offizielle Website 2026 | Beanspruche jetzt!<\/title>\n<meta name=\"robots\" content=\"index, follow, max-snippet:-1, max-image-preview:large, max-video-preview:-1\" \/>\n<meta property=\"og:locale\" content=\"de_DE\" \/>\n<meta property=\"og:site_name\" content=\"Bitcoin Helix AI\" \/>\n<meta property=\"article:modified_time\" content=\"2025-06-13T22:34:49+00:00\" \/>\n<meta name=\"twitter:card\" content=\"summary_large_image\" \/>\n<meta name=\"twitter:label1\" content=\"Gesch\u00e4tzte Lesezeit\" \/>\n\t<meta name=\"twitter:data1\" content=\"1 Minute\" \/>\n<!-- \/ Yoast SEO plugin. -->","yoast_head_json":{"title":"Bitcoin Helix AI \u2122 | Offizielle Website 2026 | Beanspruche jetzt!","robots":{"index":"index","follow":"follow","max-snippet":"max-snippet:-1","max-image-preview":"max-image-preview:large","max-video-preview":"max-video-preview:-1"},"og_locale":"de_DE","og_site_name":"Bitcoin Helix AI","article_modified_time":"2025-06-13T22:34:49+00:00","twitter_card":"summary_large_image","twitter_misc":{"Gesch\u00e4tzte Lesezeit":"1 Minute"},"schema":{"@context":"https:\/\/schema.org","@graph":[{"@type":"WebPage","@id":"https:\/\/bitcoinhelixai.com\/de\/contact-us\/","url":"https:\/\/bitcoinhelixai.com\/de\/contact-us\/","name":"Kontakt - Bitcoin Helix AI","isPartOf":{"@id":"https:\/\/bitcoinhelixai.com\/#website"},"datePublished":"2024-05-27T16:58:01+00:00","dateModified":"2025-06-13T22:34:49+00:00","breadcrumb":{"@id":"https:\/\/bitcoinhelixai.com\/de\/contact-us\/#breadcrumb"},"inLanguage":"de","potentialAction":[{"@type":"ReadAction","target":["https:\/\/bitcoinhelixai.com\/de\/contact-us\/"]}]},{"@type":"BreadcrumbList","@id":"https:\/\/bitcoinhelixai.com\/de\/contact-us\/#breadcrumb","itemListElement":[{"@type":"ListItem","position":1,"name":"Home","item":"https:\/\/bitcoinhelixai.com\/"},{"@type":"ListItem","position":2,"name":"Kontakt"}]},{"@type":"WebSite","@id":"https:\/\/bitcoinhelixai.com\/#website","url":"https:\/\/bitcoinhelixai.com\/","name":"Bitcoin Helix AI","description":"","potentialAction":[{"@type":"SearchAction","target":{"@type":"EntryPoint","urlTemplate":"https:\/\/bitcoinhelixai.com\/?s={search_term_string}"},"query-input":{"@type":"PropertyValueSpecification","valueRequired":true,"valueName":"search_term_string"}}],"inLanguage":"de"}]}},"_links":{"self":[{"href":"https:\/\/bitcoinhelixai.com\/de\/wp-json\/wp\/v2\/pages\/2088","targetHints":{"allow":["GET"]}}],"collection":[{"href":"https:\/\/bitcoinhelixai.com\/de\/wp-json\/wp\/v2\/pages"}],"about":[{"href":"https:\/\/bitcoinhelixai.com\/de\/wp-json\/wp\/v2\/types\/page"}],"author":[{"embeddable":true,"href":"https:\/\/bitcoinhelixai.com\/de\/wp-json\/wp\/v2\/users\/2"}],"replies":[{"embeddable":true,"href":"https:\/\/bitcoinhelixai.com\/de\/wp-json\/wp\/v2\/comments?post=2088"}],"version-history":[{"count":6,"href":"https:\/\/bitcoinhelixai.com\/de\/wp-json\/wp\/v2\/pages\/2088\/revisions"}],"predecessor-version":[{"id":3107,"href":"https:\/\/bitcoinhelixai.com\/de\/wp-json\/wp\/v2\/pages\/2088\/revisions\/3107"}],"wp:attachment":[{"href":"https:\/\/bitcoinhelixai.com\/de\/wp-json\/wp\/v2\/media?parent=2088"}],"curies":[{"name":"wp","href":"https:\/\/api.w.org\/{rel}","templated":true}]}}