{"id":2877,"date":"2024-05-27T16:57:39","date_gmt":"2024-05-27T16:57:39","guid":{"rendered":"https:\/\/bitcoinhelixai.com\/about-us\/"},"modified":"2025-06-13T22:33:31","modified_gmt":"2025-06-13T22:33:31","slug":"about-us","status":"publish","type":"page","link":"https:\/\/bitcoinhelixai.com\/de\/about-us\/","title":{"rendered":"\u00dcber uns"},"content":{"rendered":"<p>Bitcoin Helix AI ist Ihre vertrauensw\u00fcrdige Plattform, auf der Sie mit Kryptow\u00e4hrungen handeln und sich \u00fcber den Handelsprozess, Tipps und Strategien informieren k\u00f6nnen. Unser Ziel ist es, neue und erfahrene H\u00e4ndler mit dem Wissen und den Werkzeugen auszustatten, die sie ben\u00f6tigen, um in der sich st\u00e4ndig ver\u00e4ndernden Welt der Kryptow\u00e4hrungen zu gewinnen. Unabh\u00e4ngig davon, ob Sie ein Anf\u00e4nger oder ein erfahrener H\u00e4ndler sind, der seine Strategie verfeinern m\u00f6chte, werden wir Sie bei jedem Schritt begleiten und Ihnen zum Erfolg verhelfen.<\/p>\n<h2>Unsere Urspr\u00fcnge: Eine Leidenschaft f\u00fcr Krypto und Bildung<\/h2>\n<p>Die KI-Geschichte von Bitcoin Helix beginnt mit einer Leidenschaft f\u00fcr Kryptow\u00e4hrungen und dem Engagement, Bildung f\u00fcr alle zug\u00e4nglich zu machen. Unsere Gr\u00fcnder, ein Team aus erfahrenen H\u00e4ndlern, Lehrern und Tech-Profis, sahen die Notwendigkeit, die Distanz zwischen den Feinheiten des Kryptow\u00e4hrungshandels und der Bereitstellung von umsetzbaren Bildungsressourcen zu schlie\u00dfen. Sie haben verstanden, dass es zwar viele M\u00f6glichkeiten auf den Kryptom\u00e4rkten gibt, es aber einen Mangel an strukturierter, leicht zug\u00e4nglicher Bildung gibt, die viele H\u00e4ndler anf\u00e4llig daf\u00fcr macht, riskante Fehler zu machen.<\/p>\n<p>Und so wurde Bitcoin Helix AI gegr\u00fcndet, wo wir jahrelange Erfahrung im Handel mit einem detaillierten Verst\u00e4ndnis von Bildungsmethoden vereinen, um eine Plattform zu bieten, die einfach zu bedienen, aufschlussreich und f\u00fcr alle H\u00e4ndler zug\u00e4nglich ist. Im Laufe der Jahre hat sich Bitcoin Helix AI zu einer der vertrauensw\u00fcrdigsten Bildungsplattformen f\u00fcr Kryptow\u00e4hrungen entwickelt, die sich st\u00e4ndig weiterentwickelt, um die Bed\u00fcrfnisse ihrer Nutzer zu erf\u00fcllen.<\/p>\n<h2>Die Urspr\u00fcnge von Cryptocurrency<\/h2>\n<p>Man kann nicht \u00fcber Kryptow\u00e4hrungen sprechen, ohne \u00fcber Bitcoin zu sprechen. Beide wurden 2009 von einer anonymen Person, die nur als Satoshi Nakamoto bekannt ist, ins Leben gerufen. Nakamotos Idee war es, ein dezentralisiertes Peer-to-Peer-W\u00e4hrungssystem zu schaffen, das ohne eine zentrale Aufsicht wie eine Bank oder eine Regierung, die die F\u00e4den zieht, auskommt. Diese revolution\u00e4re Vision zielte darauf ab, durch die Blockchain-Technologie finanzielle Freiheit, Transparenz und Sicherheit zu bieten.<\/p>\n<p>Die Blockchain ist ein dezentrales Hauptbuch, in dem jede Transaktion aufgezeichnet wird. Sie ist \u00f6ffentlich und wird durch einen Prozess namens Mining gesichert, der sicherstellt, dass alle durchgef\u00fchrten Transaktionen transparent sind. Seit seiner Einf\u00fchrung ist der Wert von Bitcoin sprunghaft angestiegen und hat Millionen von Nutzern, Investoren und Entwicklern in die Kryptowelt gelockt.<br \/>\nTausende von anderen Kryptow\u00e4hrungen wurden ebenfalls eingef\u00fchrt, wobei jede von ihnen einzigartige Funktionen und Zwecke bietet. Ethereum beispielsweise f\u00fchrte Smart Contracts ein, die es Entwicklern erm\u00f6glichten, dezentrale Anwendungen (dApps) auf seiner Blockchain zu erstellen. Andere Angebote wie Litecoin, Ripple (XRP) und Cardano haben jeweils etwas Neues beigetragen und die M\u00f6glichkeiten der Blockchain-Technologie weiter ausgebaut.<\/p>\n<h2>Bildung, Gemeinschaft und Handelsstrategien<\/h2>\n<p>Bei Bitcoin Helix AI ist Bildung das A und O f\u00fcr den Erfolg auf Ihrer Handelsreise. Aus diesem Grund haben wir eine Plattform aufgebaut, die den Schwerpunkt auf zug\u00e4ngliche, qualitativ hochwertige Bildungsressourcen f\u00fcr unsere Nutzer legt. Wir verstehen, dass das Eintauchen in die Welt der Kryptow\u00e4hrungen am Anfang \u00fcberw\u00e4ltigend sein kann, aber mit der richtigen Anleitung kann jeder lernen, mit Vertrauen zu handeln.<\/p>\n<h2>Bildung: Bef\u00e4higung mit Wissen<\/h2>\n<p>Wir bieten umfangreiche Bildungsressourcen, die auf H\u00e4ndler aller Niveaus zugeschnitten sind. Ob Sie ein Neuling oder ein erfahrener H\u00e4ndler sind, der seine F\u00e4higkeiten verbessern m\u00f6chte, Helix AI hat etwas f\u00fcr Sie. Unsere Lernmodule decken eine breite Palette von Themen ab, darunter:<\/p>\n<p>Grundlagen der Kryptow\u00e4hrungen verstehen: Wir bieten leicht verst\u00e4ndliche Beschreibungen der wichtigsten Konzepte der Kryptow\u00e4hrung, wie Blockchain, Mining und Wallets.<\/p>\n<p>Technische Analyse: Lernen Sie, wie Sie Marktcharts, Indikatoren und Muster verstehen, um fundierte Entscheidungen zu treffen.<\/p>\n<p>Trading-Strategien: Lernen Sie erprobte Strategien f\u00fcr Daytrading, Swingtrading und langfristige Investitionen kennen.<\/p>\n<p>Risikomanagement: Verstehen Sie, wie Sie Risiken verwalten und Ihre Investitionen in volatilen M\u00e4rkten sch\u00fctzen k\u00f6nnen.<\/p>\n<p>Jedes Modul soll den H\u00e4ndler vom ABC des Kryptow\u00e4hrungshandels bis hin zu fortgeschrittenen Strategien f\u00fchren. Sie k\u00f6nnen in Ihrem eigenen Tempo vorankommen und in k\u00fcrzester Zeit ein erfahrener H\u00e4ndler werden.<\/p>\n<h2>Gemeinschaft: Gemeinsam lernen<\/h2>\n<p>Bei Bitcoin Helix AI haben wir eine solide Gemeinschaft von H\u00e4ndlern aufgebaut, die ihre Erfahrungen und Erkenntnisse teilen und die neue Generation von H\u00e4ndlern anleiten wollen. Unsere Community ist unser ganzer Stolz und bietet einen Raum, in dem Lernende Fragen stellen, Ideen austauschen und gemeinsam wachsen k\u00f6nnen.<\/p>\n<p>\u00dcber Diskussionsforen, Webinare, Live-Sitzungen mit Fragen und Antworten und vieles mehr k\u00f6nnen Sie mit anderen H\u00e4ndlern in unserer Gemeinschaft in Kontakt treten. Sie k\u00f6nnen ihnen Fragen stellen und Einblicke sowohl von Anf\u00e4ngern als auch von erfahrenen H\u00e4ndlern erhalten. Unser Team engagiert sich auch aktiv in der Community, bietet best\u00e4ndigen Support und beantwortet alle Fragen, die Sie haben.<\/p>\n<h2>Tipps und Strategien: Mit Zuversicht handeln<\/h2>\n<p>Zus\u00e4tzlich zum Wissen m\u00fcssen Sie die richtigen Strategien entwickeln, um als Kryptow\u00e4hrungsh\u00e4ndler erfolgreich zu sein. Hier kommt Helix AI ins Spiel und bietet eine F\u00fclle von n\u00fctzlichen Tipps und Tricks. Diese werden Ihnen helfen, Ihre Strategie zu verfeinern und den Erfolg auf dem Kryptomarkt zu sichern.<\/p>\n<p>Informiert bleiben: Halten Sie sich \u00fcber die neuesten Markttrends und Nachrichten auf dem Laufenden, damit Sie datengest\u00fctzte Entscheidungen treffen k\u00f6nnen.<\/p>\n<p>Risikomanagement: Erfahren Sie, wie Sie Ihr Risiko-Ertrags-Verh\u00e4ltnis einsch\u00e4tzen und erhebliche Verluste vermeiden k\u00f6nnen.<\/p>\n<p>Diversifizieren Sie Ihr Portfolio: Erfahren Sie, warum es wichtig ist, Ihre Investitionen zu diversifizieren und wie Sie sie auf verschiedene Kryptow\u00e4hrungen verteilen k\u00f6nnen.<\/p>\n<p>Nutzen Sie fortgeschrittene Strategien: Bitcoin Helix AI bietet detaillierte Lektionen zu fortgeschrittenen Strategien f\u00fcr erfahrene Trader, die ihr Wissen und ihre F\u00e4higkeiten erweitern m\u00f6chten.<\/p>\n<p>Mit den richtigen Tools und Strategien werden Sie in die Lage versetzt, fundierte Entscheidungen zu treffen und die Kontrolle \u00fcber Ihre Handelsreise zu \u00fcbernehmen.<\/p>\n","protected":false},"excerpt":{"rendered":"<p>ist Ihre vertrauensw\u00fcrdige Plattform, auf der Sie mit Kryptow\u00e4hrungen handeln und sich \u00fcber den Handelsprozess, Tipps und Strategien informieren k\u00f6nnen. Unser Ziel ist es, neue und erfahrene H\u00e4ndler mit dem Wissen und den Werkzeugen auszustatten, die sie ben\u00f6tigen, um in der sich st\u00e4ndig ver\u00e4ndernden Welt der Kryptow\u00e4hrungen zu gewinnen. Unabh\u00e4ngig davon, ob Sie ein Anf\u00e4nger [&hellip;]<\/p>\n","protected":false},"author":2,"featured_media":0,"parent":0,"menu_order":0,"comment_status":"closed","ping_status":"closed","template":"page-about.php","meta":{"footnotes":""},"class_list":["post-2877","page","type-page","status-publish","hentry"],"yoast_head":"<!-- This site is optimized with the Yoast SEO plugin v23.8 - https:\/\/yoast.com\/wordpress\/plugins\/seo\/ -->\n<title>Bitcoin Helix AI \u2122 | Offizielle Website 2026 | Beanspruche jetzt!<\/title>\n<meta name=\"robots\" content=\"index, follow, max-snippet:-1, max-image-preview:large, max-video-preview:-1\" \/>\n<meta property=\"og:locale\" content=\"de_DE\" \/>\n<meta property=\"og:site_name\" content=\"Bitcoin Helix AI\" \/>\n<meta property=\"article:modified_time\" content=\"2025-06-13T22:33:31+00:00\" \/>\n<meta name=\"twitter:card\" content=\"summary_large_image\" \/>\n<meta name=\"twitter:label1\" content=\"Gesch\u00e4tzte Lesezeit\" \/>\n\t<meta name=\"twitter:data1\" content=\"4 Minuten\" \/>\n<!-- \/ Yoast SEO plugin. -->","yoast_head_json":{"title":"Bitcoin Helix AI \u2122 | Offizielle Website 2026 | Beanspruche jetzt!","robots":{"index":"index","follow":"follow","max-snippet":"max-snippet:-1","max-image-preview":"max-image-preview:large","max-video-preview":"max-video-preview:-1"},"og_locale":"de_DE","og_site_name":"Bitcoin Helix AI","article_modified_time":"2025-06-13T22:33:31+00:00","twitter_card":"summary_large_image","twitter_misc":{"Gesch\u00e4tzte Lesezeit":"4 Minuten"},"schema":{"@context":"https:\/\/schema.org","@graph":[{"@type":"WebPage","@id":"https:\/\/bitcoinhelixai.com\/de\/about-us\/","url":"https:\/\/bitcoinhelixai.com\/de\/about-us\/","name":"\u00dcber uns - Bitcoin Helix AI","isPartOf":{"@id":"https:\/\/bitcoinhelixai.com\/#website"},"datePublished":"2024-05-27T16:57:39+00:00","dateModified":"2025-06-13T22:33:31+00:00","breadcrumb":{"@id":"https:\/\/bitcoinhelixai.com\/de\/about-us\/#breadcrumb"},"inLanguage":"de","potentialAction":[{"@type":"ReadAction","target":["https:\/\/bitcoinhelixai.com\/de\/about-us\/"]}]},{"@type":"BreadcrumbList","@id":"https:\/\/bitcoinhelixai.com\/de\/about-us\/#breadcrumb","itemListElement":[{"@type":"ListItem","position":1,"name":"Home","item":"https:\/\/bitcoinhelixai.com\/"},{"@type":"ListItem","position":2,"name":"\u00dcber uns"}]},{"@type":"WebSite","@id":"https:\/\/bitcoinhelixai.com\/#website","url":"https:\/\/bitcoinhelixai.com\/","name":"Bitcoin Helix AI","description":"","potentialAction":[{"@type":"SearchAction","target":{"@type":"EntryPoint","urlTemplate":"https:\/\/bitcoinhelixai.com\/?s={search_term_string}"},"query-input":{"@type":"PropertyValueSpecification","valueRequired":true,"valueName":"search_term_string"}}],"inLanguage":"de"}]}},"_links":{"self":[{"href":"https:\/\/bitcoinhelixai.com\/de\/wp-json\/wp\/v2\/pages\/2877","targetHints":{"allow":["GET"]}}],"collection":[{"href":"https:\/\/bitcoinhelixai.com\/de\/wp-json\/wp\/v2\/pages"}],"about":[{"href":"https:\/\/bitcoinhelixai.com\/de\/wp-json\/wp\/v2\/types\/page"}],"author":[{"embeddable":true,"href":"https:\/\/bitcoinhelixai.com\/de\/wp-json\/wp\/v2\/users\/2"}],"replies":[{"embeddable":true,"href":"https:\/\/bitcoinhelixai.com\/de\/wp-json\/wp\/v2\/comments?post=2877"}],"version-history":[{"count":9,"href":"https:\/\/bitcoinhelixai.com\/de\/wp-json\/wp\/v2\/pages\/2877\/revisions"}],"predecessor-version":[{"id":3290,"href":"https:\/\/bitcoinhelixai.com\/de\/wp-json\/wp\/v2\/pages\/2877\/revisions\/3290"}],"wp:attachment":[{"href":"https:\/\/bitcoinhelixai.com\/de\/wp-json\/wp\/v2\/media?parent=2877"}],"curies":[{"name":"wp","href":"https:\/\/api.w.org\/{rel}","templated":true}]}}