{"id":2875,"date":"2024-05-27T16:57:39","date_gmt":"2024-05-27T16:57:39","guid":{"rendered":"https:\/\/bitcoinhelixai.com\/about-us\/"},"modified":"2025-06-13T22:33:25","modified_gmt":"2025-06-13T22:33:25","slug":"about-us","status":"publish","type":"page","link":"https:\/\/bitcoinhelixai.com\/fi\/about-us\/","title":{"rendered":"Tietoa meist\u00e4"},"content":{"rendered":"<p>Bitcoin Helix AI on luotettava foorumi, jossa voit k\u00e4yd\u00e4 kauppaa kryptovaluutalla ja saada koulutusta kaupank\u00e4yntiprosessista, vinkkej\u00e4 ja strategioita. Tavoitteenamme on antaa sek\u00e4 uusille ett\u00e4 kokeneille kauppiaille tietoa ja ty\u00f6kaluja, joita he tarvitsevat voittaakseen jatkuvasti muuttuvassa kryptovaluuttamaailmassa. Riippumatta siit\u00e4, oletko aloittelija vai kokenut kauppias, joka haluaa hioa strategiaasi, me opastamme sinua jokaisessa vaiheessa ja autamme sinua menestym\u00e4\u00e4n.<\/p>\n<h2>Alkuper\u00e4mme: Intohimo kryptoon ja koulutukseen<\/h2>\n<p>Bitcoin Helixin teko\u00e4lytarina alkaa intohimolla kryptovaluuttaan ja omistautumisella tarjota koulutusta, joka on kaikkien saatavilla. Luojamme, veteraanikauppiaista, opettajista ja tekniikan ammattilaisista koostuva tiimi, n\u00e4ki tarpeen kuroa umpeen et\u00e4isyys kryptovaluuttakaupan monimutkaisuuden ja toimivien koulutusresurssien tarjoamisen v\u00e4lill\u00e4. He ymm\u00e4rsiv\u00e4t, ett\u00e4 vaikka kryptomarkkinoilla on paljon mahdollisuuksia, j\u00e4sennellyst\u00e4, helposti saatavasta koulutuksesta on puutetta, mik\u00e4 j\u00e4tt\u00e4\u00e4 monet kauppiaat alttiiksi tekem\u00e4\u00e4n riskialttiita virheit\u00e4.<\/p>\n<p>Ja n\u00e4in Bitcoin Helix AI luotiin, jossa yhdist\u00e4mme vuosien kokemuksen kaupank\u00e4ynnist\u00e4 ja yksityiskohtaisen ymm\u00e4rryksen koulutusmenetelmist\u00e4 tarjotaksemme alustan, joka on helppok\u00e4ytt\u00f6inen, oivaltava ja kaikkien kauppiaiden saatavilla. Vuosien varrella Bitcoin Helix AI on kehittynyt yhdeksi luotetuimmista kryptovaluuttakoulutusalustoista, joka kehittyy jatkuvasti palvelemaan k\u00e4ytt\u00e4jiens\u00e4 tarpeita.<\/p>\n<h2>Kryptovaluutan alkuper\u00e4<\/h2>\n<p>Kryptovaluutasta ei voi puhua puhumatta Bitcoinista. Molemmat syntyiv\u00e4t vuonna 2009 nimett\u00f6m\u00e4n hahmon toimesta, joka tunnetaan vain nimell\u00e4 Satoshi Nakamoto. Nakamoton ideana oli luoda hajautettu, vertaisvaluuttaj\u00e4rjestelm\u00e4, joka voisi toimia ilman, ett\u00e4 pankki tai hallitus tarvitsisi keskitetty\u00e4 valvontaa. T\u00e4m\u00e4 vallankumouksellinen visio pyrki tarjoamaan taloudellista vapautta, l\u00e4pin\u00e4kyvyytt\u00e4 ja turvallisuutta lohkoketjuteknologian avulla.<\/p>\n<p>Lohkoketju on hajautettu p\u00e4\u00e4kirja, johon jokainen transaktio kirjataan. Se on julkinen ja suojattu louhinnaksi kutsutun prosessin avulla, mik\u00e4 varmistaa, ett\u00e4 kaikki suoritetut transaktiot ovat l\u00e4pin\u00e4kyvi\u00e4. Perustamisestaan l\u00e4htien Bitcoinin arvo on noussut harppauksin, mik\u00e4 on houkutellut miljoonia k\u00e4ytt\u00e4ji\u00e4, sijoittajia ja kehitt\u00e4ji\u00e4 kryptoalalle.<br \/>\nLis\u00e4ksi on perustettu tuhansia muita kryptovaluuttoja, joista jokainen tarjoaa ainutlaatuisia ominaisuuksia ja k\u00e4ytt\u00f6tarkoituksia. Ethereum esimerkiksi lanseerasi \u00e4lykk\u00e4\u00e4t sopimukset, joiden avulla kehitt\u00e4j\u00e4t pystyiv\u00e4t rakentamaan lohkoketjuunsa hajautettuja sovelluksia (dApp). Muut tarjoukset, kuten Litecoin, Ripple (XRP) ja Cardano, ovat kukin tuoneet jotain uutta ja laajentaneet lohkoketjuteknologian mahdollisuuksia entisest\u00e4\u00e4n.<\/p>\n<h2>Koulutus, yhteis\u00f6 ja kaupank\u00e4yntistrategiat<\/h2>\n<p>Bitcoin Helix AI:ss\u00e4 koulutus on ensiarvoisen t\u00e4rke\u00e4\u00e4 kaupank\u00e4yntimatkasi onnistumisen kannalta. Siksi olemme rakentaneet alustan, jossa priorisoidaan k\u00e4ytt\u00e4jillemme helposti saatavilla olevia, laadukkaita koulutusresursseja. Ymm\u00e4rr\u00e4mme, ett\u00e4 kryptovaluuttojen maailmaan sukeltaminen voi olla aluksi ylivoimaista, mutta oikean opastuksen avulla kuka tahansa voi oppia k\u00e4ym\u00e4\u00e4n kauppaa luottavaisesti.<\/p>\n<h2>Koulutus: Voimaannuttaminen tiet\u00e4myksell\u00e4<\/h2>\n<p>Tarjoamme laajoja koulutusresursseja, jotka on r\u00e4\u00e4t\u00e4l\u00f6ity kaiken tasoisille kauppiaille. Olitpa sitten vasta-alkaja tai kokenut kauppias, joka haluaa hioa taitojaan, Helix AI:lla on jotain sinulle. Oppimismoduulimme kattavat laajan valikoiman aiheita, kuten:<\/p>\n<p>Kryptovaluutan perusteiden ymm\u00e4rt\u00e4minen: Tarjoamme helposti ymm\u00e4rrett\u00e4vi\u00e4 kuvauksia kryptovaluutan p\u00e4\u00e4k\u00e4sitteist\u00e4, kuten lohkoketjuista, louhinnasta ja lompakoista.<\/p>\n<p>Tekninen analyysi: Opi ymm\u00e4rt\u00e4m\u00e4\u00e4n markkinakaavioita, indikaattoreita ja kuvioita, jotta voit tehd\u00e4 tietoon perustuvia p\u00e4\u00e4t\u00f6ksi\u00e4.<\/p>\n<p>Kaupank\u00e4yntistrategiat: Tutustu testattuihin strategioihin p\u00e4iv\u00e4kauppaa, swing-kaupank\u00e4ynti\u00e4 ja pitk\u00e4n aikav\u00e4lin sijoittamista varten.<\/p>\n<p>Riskienhallinta: Ymm\u00e4rr\u00e4, miten hallita riskej\u00e4 ja suojata sijoituksia ep\u00e4vakailla markkinoilla.<\/p>\n<p>Jokainen moduuli on asetettu opastamaan elinkeinonharjoittajaa kryptovaluuttakaupan ABC:st\u00e4 edistyneisiin strategioihin. Voit edet\u00e4 omaan tahtiisi ja tulla asiantuntijakauppiaaksi hetkess\u00e4.<\/p>\n<h2>Yhteis\u00f6: Yhdess\u00e4 oppiminen<\/h2>\n<p>Bitcoin Helix AI:ss\u00e4 olemme rakentaneet vankan yhteis\u00f6n kauppiaita, jotka ovat innokkaita jakamaan kokemuksiaan ja n\u00e4kemyksi\u00e4\u00e4n ja opastamaan uuden sukupolven kauppiaita. Yhteis\u00f6mme on ylpeytemme ja ilomme, ja se tarjoaa tilan, jossa oppijat voivat esitt\u00e4\u00e4 kysymyksi\u00e4, vaihtaa ajatuksia ja kasvaa yhdess\u00e4.<\/p>\n<p>Voit olla yhteydess\u00e4 muihin yhteis\u00f6\u00e4mme kuuluviin elinkeinonharjoittajiin muun muassa keskustelufoorumeilla, webinaareissa ja suorissa kysely- ja vastaustilaisuuksissa. Voit esitt\u00e4\u00e4 heille kysymyksi\u00e4 ja saada n\u00e4kemyksi\u00e4 sek\u00e4 aloittelevilta ett\u00e4 kokeneilta kauppiailta. Tiimimme osallistuu my\u00f6s aktiivisesti yhteis\u00f6n toimintaan, antaa johdonmukaista tukea ja vastaa kaikkiin kysymyksiisi.<\/p>\n<h2>Vinkkej\u00e4 ja strategioita: Trading with Confidence<\/h2>\n<p>Tietojen lis\u00e4ksi sinun on kehitett\u00e4v\u00e4 oikeat strategiat, jotta voit menesty\u00e4 t\u00e4ysin kryptovaluuttakauppiaana. T\u00e4ss\u00e4 Helix AI tulee mukaan ja tarjoaa runsaasti hy\u00f6dyllisi\u00e4 vinkkej\u00e4 ja temppuja. N\u00e4m\u00e4 auttavat sinua hiomaan strategiaasi ja takaavat menestyksen kryptomarkkinoilla.<\/p>\n<p>Pysy ajan tasalla: Pysy ajan tasalla uusimmista markkinatrendeist\u00e4 ja uutisista, joiden avulla voit tehd\u00e4 tietoon perustuvia p\u00e4\u00e4t\u00f6ksi\u00e4.<\/p>\n<p>Riskienhallinta: Opi, miten voit arvioida riski-tuotto-suhteesi ja v\u00e4ltt\u00e4\u00e4 merkitt\u00e4vi\u00e4 tappioita.<\/p>\n<p>Hajauta salkkuasi: Opi, miksi on t\u00e4rke\u00e4\u00e4 hajauttaa sijoituksia ja voit tasapainottaa niit\u00e4 eri kryptovaluuttojen v\u00e4lill\u00e4.<\/p>\n<p>Hy\u00f6dynn\u00e4 kehittyneit\u00e4 strategioita: Bitcoin Helix AI tarjoaa yksityiskohtaisia oppitunteja edistyneist\u00e4 strategioista kokeneille kauppiaille, jotka oppivat laajentamaan tietojaan ja taitojaan.<\/p>\n<p>Oikeiden ty\u00f6kalujen ja strategioiden avulla voit tehd\u00e4 tietoon perustuvia p\u00e4\u00e4t\u00f6ksi\u00e4 ja ottaa kaupank\u00e4yntimatkasi hallintaan.<\/p>\n","protected":false},"excerpt":{"rendered":"<p>on luotettava foorumi, jossa voit k\u00e4yd\u00e4 kauppaa kryptovaluutalla ja saada koulutusta kaupank\u00e4yntiprosessista, vinkkej\u00e4 ja strategioita. Tavoitteenamme on antaa sek\u00e4 uusille ett\u00e4 kokeneille kauppiaille tietoa ja ty\u00f6kaluja, joita he tarvitsevat voittaakseen jatkuvasti muuttuvassa kryptovaluuttamaailmassa. Riippumatta siit\u00e4, oletko aloittelija vai kokenut kauppias, joka haluaa hioa strategiaasi, me opastamme sinua jokaisessa vaiheessa ja autamme sinua menestym\u00e4\u00e4n. Alkuper\u00e4mme: Intohimo [&hellip;]<\/p>\n","protected":false},"author":2,"featured_media":0,"parent":0,"menu_order":0,"comment_status":"closed","ping_status":"closed","template":"page-about.php","meta":{"footnotes":""},"class_list":["post-2875","page","type-page","status-publish","hentry"],"yoast_head":"<!-- This site is optimized with the Yoast SEO plugin v23.8 - https:\/\/yoast.com\/wordpress\/plugins\/seo\/ -->\n<title>Bitcoin Helix AI \u2122 | Offici\u00eble website 2026 | Claim nu!<\/title>\n<meta name=\"robots\" content=\"index, follow, max-snippet:-1, max-image-preview:large, max-video-preview:-1\" \/>\n<meta property=\"og:locale\" content=\"fi_FI\" \/>\n<meta property=\"og:site_name\" content=\"Bitcoin Helix AI\" \/>\n<meta property=\"article:modified_time\" content=\"2025-06-13T22:33:25+00:00\" \/>\n<meta name=\"twitter:card\" content=\"summary_large_image\" \/>\n<meta name=\"twitter:label1\" content=\"Arvioitu lukuaika\" \/>\n\t<meta name=\"twitter:data1\" content=\"3 minuuttia\" \/>\n<!-- \/ Yoast SEO plugin. -->","yoast_head_json":{"title":"Bitcoin Helix AI \u2122 | Offici\u00eble website 2026 | Claim nu!","robots":{"index":"index","follow":"follow","max-snippet":"max-snippet:-1","max-image-preview":"max-image-preview:large","max-video-preview":"max-video-preview:-1"},"og_locale":"fi_FI","og_site_name":"Bitcoin Helix AI","article_modified_time":"2025-06-13T22:33:25+00:00","twitter_card":"summary_large_image","twitter_misc":{"Arvioitu lukuaika":"3 minuuttia"},"schema":{"@context":"https:\/\/schema.org","@graph":[{"@type":"WebPage","@id":"https:\/\/bitcoinhelixai.com\/fi\/about-us\/","url":"https:\/\/bitcoinhelixai.com\/fi\/about-us\/","name":"Tietoa meist\u00e4 - Bitcoin Helix AI","isPartOf":{"@id":"https:\/\/bitcoinhelixai.com\/#website"},"datePublished":"2024-05-27T16:57:39+00:00","dateModified":"2025-06-13T22:33:25+00:00","breadcrumb":{"@id":"https:\/\/bitcoinhelixai.com\/fi\/about-us\/#breadcrumb"},"inLanguage":"fi","potentialAction":[{"@type":"ReadAction","target":["https:\/\/bitcoinhelixai.com\/fi\/about-us\/"]}]},{"@type":"BreadcrumbList","@id":"https:\/\/bitcoinhelixai.com\/fi\/about-us\/#breadcrumb","itemListElement":[{"@type":"ListItem","position":1,"name":"Home","item":"https:\/\/bitcoinhelixai.com\/"},{"@type":"ListItem","position":2,"name":"Tietoa meist\u00e4"}]},{"@type":"WebSite","@id":"https:\/\/bitcoinhelixai.com\/#website","url":"https:\/\/bitcoinhelixai.com\/","name":"Bitcoin Helix AI","description":"","potentialAction":[{"@type":"SearchAction","target":{"@type":"EntryPoint","urlTemplate":"https:\/\/bitcoinhelixai.com\/?s={search_term_string}"},"query-input":{"@type":"PropertyValueSpecification","valueRequired":true,"valueName":"search_term_string"}}],"inLanguage":"fi"}]}},"_links":{"self":[{"href":"https:\/\/bitcoinhelixai.com\/fi\/wp-json\/wp\/v2\/pages\/2875","targetHints":{"allow":["GET"]}}],"collection":[{"href":"https:\/\/bitcoinhelixai.com\/fi\/wp-json\/wp\/v2\/pages"}],"about":[{"href":"https:\/\/bitcoinhelixai.com\/fi\/wp-json\/wp\/v2\/types\/page"}],"author":[{"embeddable":true,"href":"https:\/\/bitcoinhelixai.com\/fi\/wp-json\/wp\/v2\/users\/2"}],"replies":[{"embeddable":true,"href":"https:\/\/bitcoinhelixai.com\/fi\/wp-json\/wp\/v2\/comments?post=2875"}],"version-history":[{"count":9,"href":"https:\/\/bitcoinhelixai.com\/fi\/wp-json\/wp\/v2\/pages\/2875\/revisions"}],"predecessor-version":[{"id":3288,"href":"https:\/\/bitcoinhelixai.com\/fi\/wp-json\/wp\/v2\/pages\/2875\/revisions\/3288"}],"wp:attachment":[{"href":"https:\/\/bitcoinhelixai.com\/fi\/wp-json\/wp\/v2\/media?parent=2875"}],"curies":[{"name":"wp","href":"https:\/\/api.w.org\/{rel}","templated":true}]}}