{"id":2876,"date":"2024-05-27T16:57:39","date_gmt":"2024-05-27T16:57:39","guid":{"rendered":"https:\/\/bitcoinhelixai.com\/about-us\/"},"modified":"2025-06-13T22:33:28","modified_gmt":"2025-06-13T22:33:28","slug":"about-us","status":"publish","type":"page","link":"https:\/\/bitcoinhelixai.com\/fr\/about-us\/","title":{"rendered":"\u00c0 propos de nous"},"content":{"rendered":"<p>Bitcoin Helix AI est votre plateforme de confiance o\u00f9 vous pouvez \u00e9changer des crypto-monnaies et vous former au processus d&rsquo;\u00e9change, aux conseils et aux strat\u00e9gies. Notre objectif est de donner aux traders, qu&rsquo;ils soient nouveaux ou exp\u00e9riment\u00e9s, les connaissances et les outils dont ils ont besoin pour gagner dans le monde en constante \u00e9volution des crypto-monnaies. Que vous soyez un d\u00e9butant ou un trader exp\u00e9riment\u00e9 cherchant \u00e0 affiner sa strat\u00e9gie, nous vous guiderons \u00e0 chaque \u00e9tape et vous aiderons \u00e0 r\u00e9ussir.<\/p>\n<h2>Nos origines : Une passion pour les crypto-monnaies et l&rsquo;\u00e9ducation<\/h2>\n<p>L&rsquo;histoire de Bitcoin Helix en mati\u00e8re d&rsquo;IA commence par une passion pour les crypto-monnaies et une volont\u00e9 d&rsquo;offrir une \u00e9ducation accessible \u00e0 tous. Nos cr\u00e9ateurs, une \u00e9quipe compos\u00e9e de traders chevronn\u00e9s, d&rsquo;enseignants et de professionnels de la technologie, ont vu la n\u00e9cessit\u00e9 de r\u00e9duire la distance entre les subtilit\u00e9s du trading des crypto-monnaies et la fourniture de ressources \u00e9ducatives exploitables. Ils ont compris qu&rsquo;alors qu&rsquo;il existe de nombreuses opportunit\u00e9s sur les march\u00e9s des crypto-monnaies, il y a une p\u00e9nurie d&rsquo;\u00e9ducation structur\u00e9e et facile \u00e0 obtenir qui laisse de nombreux traders vuln\u00e9rables \u00e0 commettre des erreurs risqu\u00e9es.<\/p>\n<p>C&rsquo;est ainsi qu&rsquo;a \u00e9t\u00e9 cr\u00e9\u00e9 Bitcoin Helix AI, o\u00f9 nous combinons des ann\u00e9es d&rsquo;exp\u00e9rience du trading avec une compr\u00e9hension d\u00e9taill\u00e9e des m\u00e9thodes \u00e9ducatives pour fournir une plateforme facile \u00e0 utiliser, perspicace et accessible \u00e0 tous les traders. Au fil des ans, Bitcoin Helix AI est devenue l&rsquo;une des plateformes \u00e9ducatives sur les crypto-monnaies les plus fiables, qui \u00e9volue constamment pour r\u00e9pondre aux besoins de ses utilisateurs.<\/p>\n<h2>Les origines des crypto-monnaies<\/h2>\n<p>On ne peut parler de crypto-monnaie sans parler de Bitcoin. Tous deux ont \u00e9t\u00e9 cr\u00e9\u00e9s en 2009 par un personnage anonyme connu sous le nom de Satoshi Nakamoto. L&rsquo;id\u00e9e de Nakamoto \u00e9tait de cr\u00e9er un syst\u00e8me mon\u00e9taire d\u00e9centralis\u00e9, de pair \u00e0 pair, qui pourrait fonctionner sans avoir besoin d&rsquo;une supervision centrale, comme une banque ou un gouvernement qui tire les ficelles. Cette vision r\u00e9volutionnaire visait \u00e0 offrir la libert\u00e9 financi\u00e8re, la transparence et la s\u00e9curit\u00e9 gr\u00e2ce \u00e0 la technologie blockchain.<\/p>\n<p>La blockchain est un grand livre d\u00e9centralis\u00e9 dans lequel chaque transaction est enregistr\u00e9e. Elle est publique et s\u00e9curis\u00e9e par un processus appel\u00e9 \u00ab\u00a0minage\u00a0\u00bb, qui garantit la transparence de toutes les transactions effectu\u00e9es. Depuis sa cr\u00e9ation, la valeur du bitcoin a progress\u00e9 \u00e0 pas de g\u00e9ant, attirant des millions d&rsquo;utilisateurs, d&rsquo;investisseurs et de d\u00e9veloppeurs dans l&rsquo;espace cryptographique.<br \/>\nDes milliers d&rsquo;autres crypto-monnaies ont \u00e9galement \u00e9t\u00e9 cr\u00e9\u00e9es, chacune offrant des caract\u00e9ristiques et des objectifs uniques. Ethereum, par exemple, a lanc\u00e9 les contrats intelligents, qui ont permis aux d\u00e9veloppeurs de cr\u00e9er des applications d\u00e9centralis\u00e9es (dApps) sur sa blockchain. D&rsquo;autres offres, telles que Litecoin, Ripple (XRP) et Cardano, ont chacune apport\u00e9 quelque chose de nouveau et \u00e9largi les possibilit\u00e9s de la technologie blockchain.<\/p>\n<h2>Formation, communaut\u00e9 et strat\u00e9gies de n\u00e9gociation<\/h2>\n<p>Chez Bitcoin Helix AI, la formation est primordiale pour r\u00e9ussir votre parcours de trading. C&rsquo;est pourquoi nous avons construit une plateforme qui donne la priorit\u00e9 \u00e0 des ressources \u00e9ducatives accessibles et de haute qualit\u00e9 pour nos utilisateurs. Nous comprenons que plonger dans le monde des crypto-monnaies peut \u00eatre accablant au d\u00e9but, mais avec les bons conseils, tout le monde peut apprendre \u00e0 trader en toute confiance.<\/p>\n<h2>L&rsquo;\u00e9ducation : Vous donner les moyens d&rsquo;agir gr\u00e2ce \u00e0 la connaissance<\/h2>\n<p>Nous offrons de vastes ressources \u00e9ducatives con\u00e7ues pour r\u00e9pondre aux besoins des traders de tous niveaux. Que vous soyez un d\u00e9butant ou un trader exp\u00e9riment\u00e9 cherchant \u00e0 perfectionner ses comp\u00e9tences, Helix AI a quelque chose pour vous. Nos modules d&rsquo;apprentissage couvrent un large \u00e9ventail de sujets, notamment :<\/p>\n<p>Comprendre les bases des crypto-monnaies : Nous fournissons des descriptions faciles \u00e0 comprendre des principaux concepts des crypto-monnaies, tels que la blockchain, l&rsquo;exploitation mini\u00e8re et les portefeuilles.<\/p>\n<p>Analyse technique : Apprenez \u00e0 comprendre les graphiques, les indicateurs et les mod\u00e8les du march\u00e9 pour vous aider \u00e0 prendre des d\u00e9cisions \u00e9clair\u00e9es.<\/p>\n<p>Strat\u00e9gies de trading : Plongez dans des strat\u00e9gies test\u00e9es pour le day trading, le swing trading et l&rsquo;investissement \u00e0 long terme.<\/p>\n<p>Gestion du risque : Comprendre comment g\u00e9rer les risques et prot\u00e9ger les investissements sur des march\u00e9s volatils.<\/p>\n<p>Chaque module est con\u00e7u pour guider un trader depuis l&rsquo;ABC du trading de crypto-monnaies jusqu&rsquo;aux strat\u00e9gies avanc\u00e9es. Vous pouvez progresser \u00e0 votre propre rythme et devenir un trader expert en un rien de temps.<\/p>\n<h2>Communaut\u00e9 : Apprendre ensemble<\/h2>\n<p>Chez Bitcoin Helix AI, nous avons cr\u00e9\u00e9 une solide communaut\u00e9 de traders d\u00e9sireux de partager leurs exp\u00e9riences et leurs points de vue et de guider la nouvelle g\u00e9n\u00e9ration de traders. Notre communaut\u00e9 est notre fiert\u00e9 et notre joie et offre un espace o\u00f9 les apprenants peuvent poser des questions, \u00e9changer des id\u00e9es et \u00e9voluer ensemble.<\/p>\n<p>Vous pouvez entrer en contact avec d&rsquo;autres traders de notre communaut\u00e9 par le biais de forums de discussion, de webinaires, de sessions de questions-r\u00e9ponses en direct, etc. Vous pouvez leur poser des questions et obtenir des informations de la part de traders novices et experts. Notre \u00e9quipe s&rsquo;engage activement aupr\u00e8s de la communaut\u00e9, apporte un soutien constant et r\u00e9pond \u00e0 toutes les questions que vous pouvez vous poser.<\/p>\n<h2>Conseils et strat\u00e9gies : Trader en toute confiance<\/h2>\n<p>En plus des connaissances, vous devrez d\u00e9velopper les bonnes strat\u00e9gies pour r\u00e9ussir pleinement en tant que trader de crypto-monnaies. C&rsquo;est l\u00e0 que Helix AI intervient et fournit une pl\u00e9thore de conseils et d&rsquo;astuces utiles. Ceux-ci vous aideront \u00e0 affiner votre strat\u00e9gie et \u00e0 assurer votre succ\u00e8s sur le march\u00e9 des crypto-monnaies.<\/p>\n<p>Restez inform\u00e9 : Restez au courant des derni\u00e8res tendances du march\u00e9 et des nouvelles qui vous permettront de prendre des d\u00e9cisions fond\u00e9es sur des donn\u00e9es.<\/p>\n<p>Gestion des risques : Apprenez \u00e0 \u00e9valuer votre ratio risque\/r\u00e9compense et \u00e0 \u00e9viter les pertes importantes.<\/p>\n<p>Diversifier votre portefeuille : D\u00e9couvrez pourquoi il est important de diversifier vos investissements et comment vous pouvez les r\u00e9partir entre diff\u00e9rentes crypto-monnaies.<\/p>\n<p>Tirez parti des strat\u00e9gies avanc\u00e9es : Bitcoin Helix AI propose des le\u00e7ons d\u00e9taill\u00e9es sur les strat\u00e9gies avanc\u00e9es pour les traders exp\u00e9riment\u00e9s qui souhaitent \u00e9largir leurs connaissances et leurs comp\u00e9tences.<\/p>\n<p>Avec les bons outils et les bonnes strat\u00e9gies, vous serez \u00e9quip\u00e9 pour prendre des d\u00e9cisions \u00e9clair\u00e9es et prendre le contr\u00f4le de votre parcours de trading.<\/p>\n","protected":false},"excerpt":{"rendered":"<p>est votre plateforme de confiance o\u00f9 vous pouvez \u00e9changer des crypto-monnaies et vous former au processus d&rsquo;\u00e9change, aux conseils et aux strat\u00e9gies. Notre objectif est de donner aux traders, qu&rsquo;ils soient nouveaux ou exp\u00e9riment\u00e9s, les connaissances et les outils dont ils ont besoin pour gagner dans le monde en constante \u00e9volution des crypto-monnaies. Que vous [&hellip;]<\/p>\n","protected":false},"author":2,"featured_media":0,"parent":0,"menu_order":0,"comment_status":"closed","ping_status":"closed","template":"page-about.php","meta":{"footnotes":""},"class_list":["post-2876","page","type-page","status-publish","hentry"],"yoast_head":"<!-- This site is optimized with the Yoast SEO plugin v23.8 - https:\/\/yoast.com\/wordpress\/plugins\/seo\/ -->\n<title>Bitcoin Helix AI \u2122 | Offici\u00eble website 2026 | Claim nu!<\/title>\n<meta name=\"robots\" content=\"index, follow, max-snippet:-1, max-image-preview:large, max-video-preview:-1\" \/>\n<meta property=\"og:locale\" content=\"fr_FR\" \/>\n<meta property=\"og:site_name\" content=\"Bitcoin Helix AI\" \/>\n<meta property=\"article:modified_time\" content=\"2025-06-13T22:33:28+00:00\" \/>\n<meta name=\"twitter:card\" content=\"summary_large_image\" \/>\n<meta name=\"twitter:label1\" content=\"Dur\u00e9e de lecture estim\u00e9e\" \/>\n\t<meta name=\"twitter:data1\" content=\"5 minutes\" \/>\n<!-- \/ Yoast SEO plugin. -->","yoast_head_json":{"title":"Bitcoin Helix AI \u2122 | Offici\u00eble website 2026 | Claim nu!","robots":{"index":"index","follow":"follow","max-snippet":"max-snippet:-1","max-image-preview":"max-image-preview:large","max-video-preview":"max-video-preview:-1"},"og_locale":"fr_FR","og_site_name":"Bitcoin Helix AI","article_modified_time":"2025-06-13T22:33:28+00:00","twitter_card":"summary_large_image","twitter_misc":{"Dur\u00e9e de lecture estim\u00e9e":"5 minutes"},"schema":{"@context":"https:\/\/schema.org","@graph":[{"@type":"WebPage","@id":"https:\/\/bitcoinhelixai.com\/fr\/about-us\/","url":"https:\/\/bitcoinhelixai.com\/fr\/about-us\/","name":"\u00c0 propos de nous - Bitcoin Helix AI","isPartOf":{"@id":"https:\/\/bitcoinhelixai.com\/#website"},"datePublished":"2024-05-27T16:57:39+00:00","dateModified":"2025-06-13T22:33:28+00:00","breadcrumb":{"@id":"https:\/\/bitcoinhelixai.com\/fr\/about-us\/#breadcrumb"},"inLanguage":"fr-FR","potentialAction":[{"@type":"ReadAction","target":["https:\/\/bitcoinhelixai.com\/fr\/about-us\/"]}]},{"@type":"BreadcrumbList","@id":"https:\/\/bitcoinhelixai.com\/fr\/about-us\/#breadcrumb","itemListElement":[{"@type":"ListItem","position":1,"name":"Home","item":"https:\/\/bitcoinhelixai.com\/"},{"@type":"ListItem","position":2,"name":"\u00c0 propos de nous"}]},{"@type":"WebSite","@id":"https:\/\/bitcoinhelixai.com\/#website","url":"https:\/\/bitcoinhelixai.com\/","name":"Bitcoin Helix AI","description":"","potentialAction":[{"@type":"SearchAction","target":{"@type":"EntryPoint","urlTemplate":"https:\/\/bitcoinhelixai.com\/?s={search_term_string}"},"query-input":{"@type":"PropertyValueSpecification","valueRequired":true,"valueName":"search_term_string"}}],"inLanguage":"fr-FR"}]}},"_links":{"self":[{"href":"https:\/\/bitcoinhelixai.com\/fr\/wp-json\/wp\/v2\/pages\/2876","targetHints":{"allow":["GET"]}}],"collection":[{"href":"https:\/\/bitcoinhelixai.com\/fr\/wp-json\/wp\/v2\/pages"}],"about":[{"href":"https:\/\/bitcoinhelixai.com\/fr\/wp-json\/wp\/v2\/types\/page"}],"author":[{"embeddable":true,"href":"https:\/\/bitcoinhelixai.com\/fr\/wp-json\/wp\/v2\/users\/2"}],"replies":[{"embeddable":true,"href":"https:\/\/bitcoinhelixai.com\/fr\/wp-json\/wp\/v2\/comments?post=2876"}],"version-history":[{"count":11,"href":"https:\/\/bitcoinhelixai.com\/fr\/wp-json\/wp\/v2\/pages\/2876\/revisions"}],"predecessor-version":[{"id":3289,"href":"https:\/\/bitcoinhelixai.com\/fr\/wp-json\/wp\/v2\/pages\/2876\/revisions\/3289"}],"wp:attachment":[{"href":"https:\/\/bitcoinhelixai.com\/fr\/wp-json\/wp\/v2\/media?parent=2876"}],"curies":[{"name":"wp","href":"https:\/\/api.w.org\/{rel}","templated":true}]}}