{"id":2879,"date":"2024-05-27T16:57:39","date_gmt":"2024-05-27T16:57:39","guid":{"rendered":"https:\/\/bitcoinhelixai.com\/about-us\/"},"modified":"2025-06-13T22:33:36","modified_gmt":"2025-06-13T22:33:36","slug":"about-us","status":"publish","type":"page","link":"https:\/\/bitcoinhelixai.com\/no\/about-us\/","title":{"rendered":"Om oss"},"content":{"rendered":"<p>Bitcoin Helix AI er din p\u00e5litelige plattform der du kan handle kryptovaluta og f\u00e5 oppl\u00e6ring i handelsprosessen, tips og strategier. V\u00e5rt m\u00e5l er \u00e5 gi tradere, b\u00e5de nye og erfarne, kunnskapen og verkt\u00f8yene de trenger for \u00e5 vinne i den stadig skiftende kryptovalutaverdenen. Uansett om du er nybegynner eller en erfaren trader som \u00f8nsker \u00e5 finpusse strategien din, vil vi veilede deg i hvert steg og hjelpe deg med \u00e5 lykkes.<\/p>\n<h2>V\u00e5r opprinnelse: En lidenskap for krypto og utdanning<\/h2>\n<p>Bitcoin Helix&#8217; AI-historie starter med en lidenskap for kryptovaluta og en dedikasjon for \u00e5 tilby utdanning tilgjengelig for alle. Skaperne v\u00e5re, et team best\u00e5ende av erfarne tradere, l\u00e6rere og teknologiprofessorer, s\u00e5 behovet for \u00e5 redusere avstanden mellom komplikasjonene ved kryptovalutahandel og det \u00e5 tilby handlingsrettede utdanningsressurser. De forsto at selv om det er mange muligheter i kryptomarkedene, er det mangel p\u00e5 strukturert, lett tilgjengelig utdanning som gj\u00f8r at mange tradere er s\u00e5rbare for \u00e5 gj\u00f8re risikable feil.<\/p>\n<p>Og dermed ble Bitcoin Helix AI opprettet der vi sl\u00e5r sammen mange \u00e5rs erfaring med handel med detaljert forst\u00e5else av pedagogiske metoder for \u00e5 tilby en plattform som er enkel \u00e5 bruke, innsiktsfull og tilgjengelig for alle handelsmenn. I l\u00f8pet av \u00e5rene har Bitcoin Helix AI utviklet seg til \u00e5 bli en av de mest p\u00e5litelige utdanningsplattformene for kryptovaluta som stadig utvikler seg for \u00e5 tjene brukernes behov.<\/p>\n<h2>Opprinnelsen til kryptovaluta<\/h2>\n<p>Man kan ikke snakke om kryptovaluta uten \u00e5 snakke om Bitcoin. Begge ble til i 2009 av en anonym person som bare er kjent som Satoshi Nakamoto. Nakamotos id\u00e9 var \u00e5 skape et desentralisert, peer-to-peer-valutasystem som kunne fungere uten at en sentral overv\u00e5kning, som en bank eller en regjering, trakk i tr\u00e5dene. Denne revolusjonerende visjonen hadde som m\u00e5l \u00e5 skape \u00f8konomisk frihet, \u00e5penhet og sikkerhet ved hjelp av blokkjedeteknologi.<\/p>\n<p>Blokkjeden er en desentralisert hovedbok der alle transaksjoner registreres. Den er offentlig og sikret ved hjelp av en prosess som kalles utvinning, noe som sikrer at alle transaksjoner er transparente. Siden starten har Bitcoins verdi \u00f8kt med stormskritt, og har tiltrukket millioner av brukere, investorer og utviklere til kryptomarkedet.<br \/>\nTusenvis av andre kryptovalutaer har ogs\u00e5 blitt etablert, og hver av dem tilbyr unike funksjoner og form\u00e5l. Ethereum lanserte for eksempel smartkontrakter, som gjorde det mulig for utviklere \u00e5 bygge desentraliserte applikasjoner (dApps) p\u00e5 blokkjeden. Andre kryptovalutaer, som Litecoin, Ripple (XRP) og Cardano, har alle bidratt med noe nytt og utvidet blokkjedeteknologiens muligheter ytterligere.<\/p>\n<h2>Utdanning, fellesskap og handelsstrategier<\/h2>\n<p>Hos Bitcoin Helix AI er utdanning avgj\u00f8rende for \u00e5 lykkes p\u00e5 din handelsreise. Derfor har vi bygget en plattform som prioriterer tilgjengelige utdanningsressurser av h\u00f8y kvalitet for brukerne v\u00e5re. Vi forst\u00e5r at det kan v\u00e6re overveldende \u00e5 dykke ned i kryptovalutaverdenen i starten, men med riktig veiledning kan alle l\u00e6re \u00e5 handle med selvtillit.<\/p>\n<h2>Utdanning: Styrker deg med kunnskap<\/h2>\n<p>Vi tilbyr omfattende utdanningsressurser som er skreddersydd for tradere p\u00e5 alle niv\u00e5er. Enten du er nybegynner eller en erfaren trader som \u00f8nsker \u00e5 forbedre ferdighetene dine, har Helix AI noe for deg. L\u00e6ringsmodulene v\u00e5re dekker et bredt spekter av emner, blant annet:<\/p>\n<p>Grunnleggende forst\u00e5else av kryptovaluta: Vi gir lettfattelige beskrivelser av de viktigste konseptene innen kryptovaluta, som blokkjede, utvinning og lommeb\u00f8ker.<\/p>\n<p>Teknisk analyse: L\u00e6r hvordan du kan forst\u00e5 markedsdiagrammer, indikatorer og m\u00f8nstre for \u00e5 hjelpe deg med \u00e5 ta informerte beslutninger.<\/p>\n<p>Handelsstrategier: Dykk ned i velpr\u00f8vde strategier for dagshandel, swing trading og langsiktige investeringer.<\/p>\n<p>Risikostyring: Forst\u00e5 hvordan du kan h\u00e5ndtere risiko og beskytte investeringene dine i volatile markeder.<\/p>\n<p>Hver modul er satt opp for \u00e5 veilede en trader fra kryptovalutahandelens ABC til avanserte strategier. Du kan utvikle deg i ditt eget tempo og bli en ekspert p\u00e5 kort tid.<\/p>\n<h2>Fellesskap: L\u00e6re sammen<\/h2>\n<p>Hos Bitcoin Helix AI har vi bygget et robust fellesskap av tradere som er ivrige etter \u00e5 dele sine erfaringer og innsikt og veilede den nye generasjonen av tradere. Fellesskapet v\u00e5rt er v\u00e5r stolthet og glede, og det er et sted der elever kan stille sp\u00f8rsm\u00e5l, utveksle ideer og vokse sammen.<\/p>\n<p>Du kan komme i kontakt med andre tradere i fellesskapet v\u00e5rt gjennom diskusjonsfora, webinarer, direktesendte sp\u00f8rsm\u00e5l og svar-\u00f8kter og mye mer. Du kan stille dem sp\u00f8rsm\u00e5l og f\u00e5 innsikt fra b\u00e5de nybegynnere og eksperter. Teamet v\u00e5rt engasjerer seg ogs\u00e5 aktivt i fellesskapet, gir konsekvent st\u00f8tte og svarer p\u00e5 alle sp\u00f8rsm\u00e5l du m\u00e5tte ha.<\/p>\n<h2>Tips og strategier: Handle med selvtillit<\/h2>\n<p>I tillegg til kunnskap m\u00e5 du utvikle de riktige strategiene for \u00e5 lykkes fullt ut som kryptovalutahandler. Det er her Helix AI kommer inn i bildet og tilbyr en mengde nyttige tips og triks. Disse vil hjelpe deg med \u00e5 finpusse strategien din og sikre suksess i kryptomarkedet.<\/p>\n<p>Hold deg informert: Hold deg oppdatert med de siste markedstrendene og nyhetene som gj\u00f8r deg i stand til \u00e5 ta datadrevne beslutninger.<\/p>\n<p>Risikostyring: L\u00e6r hvordan du kan vurdere forholdet mellom risiko og avkastning og unng\u00e5 betydelige tap.<\/p>\n<p>Diversifiser portef\u00f8ljen din: L\u00e6r hvorfor det er viktig \u00e5 diversifisere investeringene dine, og hvordan du kan balansere dem p\u00e5 tvers av ulike kryptovalutaer.<\/p>\n<p>Utnytt avanserte strategier: Bitcoin Helix AI tilbyr detaljerte leksjoner om avanserte strategier for erfarne tradere som \u00f8nsker \u00e5 utvide sine kunnskaper og ferdigheter.<\/p>\n<p>Med de riktige verkt\u00f8yene og strategiene vil du v\u00e6re rustet til \u00e5 ta informerte beslutninger og ta kontroll over tradingreisen din.<\/p>\n","protected":false},"excerpt":{"rendered":"<p>er din p\u00e5litelige plattform der du kan handle kryptovaluta og f\u00e5 oppl\u00e6ring i handelsprosessen, tips og strategier. V\u00e5rt m\u00e5l er \u00e5 gi tradere, b\u00e5de nye og erfarne, kunnskapen og verkt\u00f8yene de trenger for \u00e5 vinne i den stadig skiftende kryptovalutaverdenen. Uansett om du er nybegynner eller en erfaren trader som \u00f8nsker \u00e5 finpusse strategien din, [&hellip;]<\/p>\n","protected":false},"author":2,"featured_media":0,"parent":0,"menu_order":0,"comment_status":"closed","ping_status":"closed","template":"page-about.php","meta":{"footnotes":""},"class_list":["post-2879","page","type-page","status-publish","hentry"],"yoast_head":"<!-- This site is optimized with the Yoast SEO plugin v23.8 - https:\/\/yoast.com\/wordpress\/plugins\/seo\/ -->\n<title>Bitcoin Helix AI \u2122 | Offici\u00eble website 2026 | Claim nu!<\/title>\n<meta name=\"robots\" content=\"index, follow, max-snippet:-1, max-image-preview:large, max-video-preview:-1\" \/>\n<meta property=\"og:locale\" content=\"en_US\" \/>\n<meta property=\"og:site_name\" content=\"Bitcoin Helix AI\" \/>\n<meta property=\"article:modified_time\" content=\"2025-06-13T22:33:36+00:00\" \/>\n<meta name=\"twitter:card\" content=\"summary_large_image\" \/>\n<meta name=\"twitter:label1\" content=\"Est. reading time\" \/>\n\t<meta name=\"twitter:data1\" content=\"4 minutes\" \/>\n<!-- \/ Yoast SEO plugin. -->","yoast_head_json":{"title":"Bitcoin Helix AI \u2122 | Offici\u00eble website 2026 | Claim nu!","robots":{"index":"index","follow":"follow","max-snippet":"max-snippet:-1","max-image-preview":"max-image-preview:large","max-video-preview":"max-video-preview:-1"},"og_locale":"en_US","og_site_name":"Bitcoin Helix AI","article_modified_time":"2025-06-13T22:33:36+00:00","twitter_card":"summary_large_image","twitter_misc":{"Est. reading time":"4 minutes"},"schema":{"@context":"https:\/\/schema.org","@graph":[{"@type":"WebPage","@id":"https:\/\/bitcoinhelixai.com\/no\/about-us\/","url":"https:\/\/bitcoinhelixai.com\/no\/about-us\/","name":"Om oss - Bitcoin Helix AI","isPartOf":{"@id":"https:\/\/bitcoinhelixai.com\/#website"},"datePublished":"2024-05-27T16:57:39+00:00","dateModified":"2025-06-13T22:33:36+00:00","breadcrumb":{"@id":"https:\/\/bitcoinhelixai.com\/no\/about-us\/#breadcrumb"},"inLanguage":"no-NO","potentialAction":[{"@type":"ReadAction","target":["https:\/\/bitcoinhelixai.com\/no\/about-us\/"]}]},{"@type":"BreadcrumbList","@id":"https:\/\/bitcoinhelixai.com\/no\/about-us\/#breadcrumb","itemListElement":[{"@type":"ListItem","position":1,"name":"Home","item":"https:\/\/bitcoinhelixai.com\/"},{"@type":"ListItem","position":2,"name":"Om oss"}]},{"@type":"WebSite","@id":"https:\/\/bitcoinhelixai.com\/#website","url":"https:\/\/bitcoinhelixai.com\/","name":"Bitcoin Helix AI","description":"","potentialAction":[{"@type":"SearchAction","target":{"@type":"EntryPoint","urlTemplate":"https:\/\/bitcoinhelixai.com\/?s={search_term_string}"},"query-input":{"@type":"PropertyValueSpecification","valueRequired":true,"valueName":"search_term_string"}}],"inLanguage":"no-NO"}]}},"_links":{"self":[{"href":"https:\/\/bitcoinhelixai.com\/no\/wp-json\/wp\/v2\/pages\/2879","targetHints":{"allow":["GET"]}}],"collection":[{"href":"https:\/\/bitcoinhelixai.com\/no\/wp-json\/wp\/v2\/pages"}],"about":[{"href":"https:\/\/bitcoinhelixai.com\/no\/wp-json\/wp\/v2\/types\/page"}],"author":[{"embeddable":true,"href":"https:\/\/bitcoinhelixai.com\/no\/wp-json\/wp\/v2\/users\/2"}],"replies":[{"embeddable":true,"href":"https:\/\/bitcoinhelixai.com\/no\/wp-json\/wp\/v2\/comments?post=2879"}],"version-history":[{"count":9,"href":"https:\/\/bitcoinhelixai.com\/no\/wp-json\/wp\/v2\/pages\/2879\/revisions"}],"predecessor-version":[{"id":3297,"href":"https:\/\/bitcoinhelixai.com\/no\/wp-json\/wp\/v2\/pages\/2879\/revisions\/3297"}],"wp:attachment":[{"href":"https:\/\/bitcoinhelixai.com\/no\/wp-json\/wp\/v2\/media?parent=2879"}],"curies":[{"name":"wp","href":"https:\/\/api.w.org\/{rel}","templated":true}]}}