{"id":2880,"date":"2024-05-27T16:57:39","date_gmt":"2024-05-27T16:57:39","guid":{"rendered":"https:\/\/bitcoinhelixai.com\/about-us\/"},"modified":"2025-06-13T22:33:39","modified_gmt":"2025-06-13T22:33:39","slug":"about-us","status":"publish","type":"page","link":"https:\/\/bitcoinhelixai.com\/pl\/about-us\/","title":{"rendered":"O nas"},"content":{"rendered":"<p>Bitcoin Helix AI to zaufana platforma, na kt\u00f3rej mo\u017cna handlowa\u0107 kryptowalutami i zdobywa\u0107 wiedz\u0119 na temat procesu handlowego, wskaz\u00f3wek i strategii. Naszym celem jest zapewnienie inwestorom, zar\u00f3wno nowym, jak i do\u015bwiadczonym, wiedzy i narz\u0119dzi potrzebnych do wygrywania w stale zmieniaj\u0105cym si\u0119 \u015bwiecie kryptowalut. Niezale\u017cnie od tego, czy jeste\u015b pocz\u0105tkuj\u0105cym, czy do\u015bwiadczonym traderem, kt\u00f3ry chce udoskonali\u0107 swoj\u0105 strategi\u0119, poprowadzimy Ci\u0119 na ka\u017cdym kroku i pomo\u017cemy odnie\u015b\u0107 sukces.<\/p>\n<h2>Nasze pocz\u0105tki: Pasja do kryptowalut i edukacji<\/h2>\n<p>Historia sztucznej inteligencji Bitcoin Helix zaczyna si\u0119 od pasji do kryptowalut i zaanga\u017cowania w oferowanie edukacji dost\u0119pnej dla wszystkich. Nasi tw\u00f3rcy, zesp\u00f3\u0142 z\u0142o\u017cony z do\u015bwiadczonych trader\u00f3w, nauczycieli i specjalist\u00f3w technicznych, dostrzegli potrzeb\u0119 zmniejszenia dystansu mi\u0119dzy zawi\u0142o\u015bciami handlu kryptowalutami a zapewnieniem praktycznych zasob\u00f3w edukacyjnych. Zrozumieli oni, \u017ce chocia\u017c na rynkach kryptowalut istnieje wiele mo\u017cliwo\u015bci, brakuje ustrukturyzowanej, \u0142atwej do zdobycia edukacji, kt\u00f3ra nara\u017ca wielu trader\u00f3w na pope\u0142nianie ryzykownych b\u0142\u0119d\u00f3w.<\/p>\n<p>I tak powsta\u0142 Bitcoin Helix AI, w kt\u00f3rym \u0142\u0105czymy lata do\u015bwiadczenia w handlu ze szczeg\u00f3\u0142owym zrozumieniem metod edukacyjnych, aby zapewni\u0107 platform\u0119, kt\u00f3ra jest \u0142atwa w u\u017cyciu, wnikliwa i dost\u0119pna dla wszystkich trader\u00f3w. Z biegiem lat Bitcoin Helix AI przekszta\u0142ci\u0142a si\u0119 w jedn\u0105 z najbardziej zaufanych platform edukacyjnych kryptowalut, kt\u00f3ra stale ewoluuje, aby zaspokaja\u0107 potrzeby swoich u\u017cytkownik\u00f3w.<\/p>\n<h2>Pocz\u0105tki kryptowalut<\/h2>\n<p>Nie mo\u017cna m\u00f3wi\u0107 o kryptowalutach, nie m\u00f3wi\u0105c o Bitcoinie. Obie kryptowaluty zosta\u0142y stworzone w 2009 roku przez anonimow\u0105 posta\u0107 znan\u0105 jedynie jako Satoshi Nakamoto. Ide\u0105 Nakamoto by\u0142o stworzenie zdecentralizowanego systemu walutowego peer-to-peer, kt\u00f3ry m\u00f3g\u0142by dzia\u0142a\u0107 bez konieczno\u015bci centralnego nadzoru, takiego jak bank lub rz\u0105d poci\u0105gaj\u0105cy za sznurki. Ta rewolucyjna wizja mia\u0142a na celu zapewnienie wolno\u015bci finansowej, przejrzysto\u015bci i bezpiecze\u0144stwa dzi\u0119ki technologii blockchain.<\/p>\n<p>Blockchain to zdecentralizowana ksi\u0119ga, w kt\u00f3rej rejestrowana jest ka\u017cda transakcja. Jest on publiczny i zabezpieczony przez proces zwany kopaniem, dzi\u0119ki czemu wszystkie przeprowadzane transakcje s\u0105 przejrzyste. Od momentu powstania warto\u015b\u0107 Bitcoina gwa\u0142townie wzros\u0142a, przyci\u0105gaj\u0105c miliony u\u017cytkownik\u00f3w, inwestor\u00f3w i deweloper\u00f3w do przestrzeni kryptowalut.<br \/>\nPowsta\u0142y r\u00f3wnie\u017c tysi\u0105ce innych kryptowalut, z kt\u00f3rych ka\u017cda oferuje unikalne funkcje i cele. Ethereum, na przyk\u0142ad, uruchomi\u0142o inteligentne kontrakty, kt\u00f3re umo\u017cliwi\u0142y programistom tworzenie zdecentralizowanych aplikacji (dApps) na swoim blockchainie. Inne oferty, takie jak Litecoin, Ripple (XRP) i Cardano, wnios\u0142y co\u015b nowego i jeszcze bardziej rozszerzy\u0142y mo\u017cliwo\u015bci technologii blockchain.<\/p>\n<h2>Edukacja, spo\u0142eczno\u015b\u0107 i strategie handlowe<\/h2>\n<p>W Bitcoin Helix AI edukacja jest najwa\u017cniejsza dla osi\u0105gni\u0119cia sukcesu na drodze handlowej. Dlatego zbudowali\u015bmy platform\u0119, kt\u00f3rej priorytetem s\u0105 dost\u0119pne, wysokiej jako\u015bci zasoby edukacyjne dla naszych u\u017cytkownik\u00f3w. Rozumiemy, \u017ce zanurzenie si\u0119 w \u015bwiecie kryptowalut mo\u017ce by\u0107 na pocz\u0105tku przyt\u0142aczaj\u0105ce, ale dzi\u0119ki odpowiednim wskaz\u00f3wkom ka\u017cdy mo\u017ce nauczy\u0107 si\u0119 handlowa\u0107 z pewno\u015bci\u0105 siebie.<\/p>\n<h2>Edukacja: Wzmacnianie wiedzy<\/h2>\n<p>Oferujemy obszerne zasoby edukacyjne dostosowane do potrzeb trader\u00f3w na wszystkich poziomach zaawansowania. Niezale\u017cnie od tego, czy jeste\u015b pocz\u0105tkuj\u0105cym, czy do\u015bwiadczonym traderem, kt\u00f3ry chce doskonali\u0107 swoje umiej\u0119tno\u015bci, Helix AI ma co\u015b dla Ciebie. Nasze modu\u0142y edukacyjne obejmuj\u0105 szeroki zakres temat\u00f3w, w tym:<\/p>\n<p>Zrozumienie podstaw kryptowalut: Zapewniamy \u0142atwe do zrozumienia opisy g\u0142\u00f3wnych koncepcji kryptowalut, takich jak blockchain, wydobycie i portfele.<\/p>\n<p>Analiza techniczna: Dowiedz si\u0119, jak rozumie\u0107 wykresy rynkowe, wska\u017aniki i formacje, aby podejmowa\u0107 \u015bwiadome decyzje.<\/p>\n<p>Strategie handlowe: Zanurz si\u0119 w sprawdzonych strategiach day tradingu, swing tradingu i inwestowania d\u0142ugoterminowego.<\/p>\n<p>Zarz\u0105dzanie ryzykiem: Dowiedz si\u0119, jak zarz\u0105dza\u0107 ryzykiem i chroni\u0107 inwestycje na niestabilnych rynkach.<\/p>\n<p>Ka\u017cdy modu\u0142 ma na celu poprowadzenie tradera od ABC handlu kryptowalutami do zaawansowanych strategii. Mo\u017cesz rozwija\u0107 si\u0119 we w\u0142asnym tempie i w kr\u00f3tkim czasie sta\u0107 si\u0119 ekspertem w handlu.<\/p>\n<h2>Spo\u0142eczno\u015b\u0107: Wsp\u00f3lna nauka<\/h2>\n<p>W Bitcoin Helix AI zbudowali\u015bmy solidn\u0105 spo\u0142eczno\u015b\u0107 trader\u00f3w ch\u0119tnych do dzielenia si\u0119 swoimi do\u015bwiadczeniami i spostrze\u017ceniami oraz kierowania nowym pokoleniem trader\u00f3w. Nasza spo\u0142eczno\u015b\u0107 jest nasz\u0105 dum\u0105 i rado\u015bci\u0105 i zapewnia przestrze\u0144, w kt\u00f3rej ucz\u0105cy si\u0119 mog\u0105 zadawa\u0107 pytania, wymienia\u0107 si\u0119 pomys\u0142ami i wsp\u00f3lnie si\u0119 rozwija\u0107.<\/p>\n<p>Mo\u017cesz \u0142\u0105czy\u0107 si\u0119 z innymi traderami w naszej spo\u0142eczno\u015bci za po\u015brednictwem for\u00f3w dyskusyjnych, webinar\u00f3w, sesji pyta\u0144 i odpowiedzi na \u017cywo i nie tylko. Mo\u017cesz zadawa\u0107 im pytania i zdobywa\u0107 spostrze\u017cenia zar\u00f3wno od pocz\u0105tkuj\u0105cych, jak i do\u015bwiadczonych trader\u00f3w. Nasz zesp\u00f3\u0142 aktywnie wsp\u00f3\u0142pracuje ze spo\u0142eczno\u015bci\u0105, zapewnia sta\u0142e wsparcie i odpowiada na wszelkie pytania.<\/p>\n<h2>Wskaz\u00f3wki i strategie: Handel z pewno\u015bci\u0105 siebie<\/h2>\n<p>Opr\u00f3cz wiedzy, b\u0119dziesz musia\u0142 opracowa\u0107 odpowiednie strategie, aby w pe\u0142ni odnie\u015b\u0107 sukces jako trader kryptowalut. W tym miejscu wkracza Helix AI i zapewnia mn\u00f3stwo przydatnych wskaz\u00f3wek i sztuczek. Pomog\u0105 ci one udoskonali\u0107 strategi\u0119 i zapewni\u0105 sukces na rynku kryptowalut.<\/p>\n<p>B\u0105d\u017a na bie\u017c\u0105co: B\u0105d\u017a na bie\u017c\u0105co z najnowszymi trendami rynkowymi i wiadomo\u015bciami, kt\u00f3re umo\u017cliwi\u0105 ci podejmowanie decyzji opartych na danych.<\/p>\n<p>Zarz\u0105dzanie ryzykiem: Dowiedz si\u0119, jak oceni\u0107 stosunek ryzyka do zysku i unikn\u0105\u0107 znacznych strat.<\/p>\n<p>Dywersyfikacja portfela: Dowiedz si\u0119, dlaczego wa\u017cne jest, aby zdywersyfikowa\u0107 swoje inwestycje i zr\u00f3wnowa\u017cy\u0107 je w r\u00f3\u017cnych kryptowalutach.<\/p>\n<p>Wykorzystaj zaawansowane strategie: Bitcoin Helix AI oferuje szczeg\u00f3\u0142owe lekcje na temat zaawansowanych strategii dla do\u015bwiadczonych trader\u00f3w, kt\u00f3rzy chc\u0105 poszerzy\u0107 swoj\u0105 wiedz\u0119 i umiej\u0119tno\u015bci.<\/p>\n<p>Dzi\u0119ki odpowiednim narz\u0119dziom i strategiom b\u0119dziesz w stanie podejmowa\u0107 \u015bwiadome decyzje i przej\u0105\u0107 kontrol\u0119 nad swoj\u0105 podr\u00f3\u017c\u0105 handlow\u0105.<\/p>\n","protected":false},"excerpt":{"rendered":"<p>to zaufana platforma, na kt\u00f3rej mo\u017cna handlowa\u0107 kryptowalutami i zdobywa\u0107 wiedz\u0119 na temat procesu handlowego, wskaz\u00f3wek i strategii. Naszym celem jest zapewnienie inwestorom, zar\u00f3wno nowym, jak i do\u015bwiadczonym, wiedzy i narz\u0119dzi potrzebnych do wygrywania w stale zmieniaj\u0105cym si\u0119 \u015bwiecie kryptowalut. Niezale\u017cnie od tego, czy jeste\u015b pocz\u0105tkuj\u0105cym, czy do\u015bwiadczonym traderem, kt\u00f3ry chce udoskonali\u0107 swoj\u0105 strategi\u0119, poprowadzimy [&hellip;]<\/p>\n","protected":false},"author":2,"featured_media":0,"parent":0,"menu_order":0,"comment_status":"closed","ping_status":"closed","template":"page-about.php","meta":{"footnotes":""},"class_list":["post-2880","page","type-page","status-publish","hentry"],"yoast_head":"<!-- This site is optimized with the Yoast SEO plugin v23.8 - https:\/\/yoast.com\/wordpress\/plugins\/seo\/ -->\n<title>Bitcoin Helix AI \u2122 | Offici\u00eble website 2026 | Claim nu!<\/title>\n<meta name=\"robots\" content=\"index, follow, max-snippet:-1, max-image-preview:large, max-video-preview:-1\" \/>\n<meta property=\"og:locale\" content=\"pl_PL\" \/>\n<meta property=\"og:site_name\" content=\"Bitcoin Helix AI\" \/>\n<meta property=\"article:modified_time\" content=\"2025-06-13T22:33:39+00:00\" \/>\n<meta name=\"twitter:card\" content=\"summary_large_image\" \/>\n<meta name=\"twitter:label1\" content=\"Szacowany czas czytania\" \/>\n\t<meta name=\"twitter:data1\" content=\"4 minuty\" \/>\n<!-- \/ Yoast SEO plugin. -->","yoast_head_json":{"title":"Bitcoin Helix AI \u2122 | Offici\u00eble website 2026 | Claim nu!","robots":{"index":"index","follow":"follow","max-snippet":"max-snippet:-1","max-image-preview":"max-image-preview:large","max-video-preview":"max-video-preview:-1"},"og_locale":"pl_PL","og_site_name":"Bitcoin Helix AI","article_modified_time":"2025-06-13T22:33:39+00:00","twitter_card":"summary_large_image","twitter_misc":{"Szacowany czas czytania":"4 minuty"},"schema":{"@context":"https:\/\/schema.org","@graph":[{"@type":"WebPage","@id":"https:\/\/bitcoinhelixai.com\/pl\/about-us\/","url":"https:\/\/bitcoinhelixai.com\/pl\/about-us\/","name":"O nas - Bitcoin Helix AI","isPartOf":{"@id":"https:\/\/bitcoinhelixai.com\/#website"},"datePublished":"2024-05-27T16:57:39+00:00","dateModified":"2025-06-13T22:33:39+00:00","breadcrumb":{"@id":"https:\/\/bitcoinhelixai.com\/pl\/about-us\/#breadcrumb"},"inLanguage":"pl-PL","potentialAction":[{"@type":"ReadAction","target":["https:\/\/bitcoinhelixai.com\/pl\/about-us\/"]}]},{"@type":"BreadcrumbList","@id":"https:\/\/bitcoinhelixai.com\/pl\/about-us\/#breadcrumb","itemListElement":[{"@type":"ListItem","position":1,"name":"Home","item":"https:\/\/bitcoinhelixai.com\/"},{"@type":"ListItem","position":2,"name":"O nas"}]},{"@type":"WebSite","@id":"https:\/\/bitcoinhelixai.com\/#website","url":"https:\/\/bitcoinhelixai.com\/","name":"Bitcoin Helix AI","description":"","potentialAction":[{"@type":"SearchAction","target":{"@type":"EntryPoint","urlTemplate":"https:\/\/bitcoinhelixai.com\/?s={search_term_string}"},"query-input":{"@type":"PropertyValueSpecification","valueRequired":true,"valueName":"search_term_string"}}],"inLanguage":"pl-PL"}]}},"_links":{"self":[{"href":"https:\/\/bitcoinhelixai.com\/pl\/wp-json\/wp\/v2\/pages\/2880","targetHints":{"allow":["GET"]}}],"collection":[{"href":"https:\/\/bitcoinhelixai.com\/pl\/wp-json\/wp\/v2\/pages"}],"about":[{"href":"https:\/\/bitcoinhelixai.com\/pl\/wp-json\/wp\/v2\/types\/page"}],"author":[{"embeddable":true,"href":"https:\/\/bitcoinhelixai.com\/pl\/wp-json\/wp\/v2\/users\/2"}],"replies":[{"embeddable":true,"href":"https:\/\/bitcoinhelixai.com\/pl\/wp-json\/wp\/v2\/comments?post=2880"}],"version-history":[{"count":9,"href":"https:\/\/bitcoinhelixai.com\/pl\/wp-json\/wp\/v2\/pages\/2880\/revisions"}],"predecessor-version":[{"id":3292,"href":"https:\/\/bitcoinhelixai.com\/pl\/wp-json\/wp\/v2\/pages\/2880\/revisions\/3292"}],"wp:attachment":[{"href":"https:\/\/bitcoinhelixai.com\/pl\/wp-json\/wp\/v2\/media?parent=2880"}],"curies":[{"name":"wp","href":"https:\/\/api.w.org\/{rel}","templated":true}]}}