{"id":2881,"date":"2024-05-27T16:57:39","date_gmt":"2024-05-27T16:57:39","guid":{"rendered":"https:\/\/bitcoinhelixai.com\/about-us\/"},"modified":"2025-06-13T22:33:41","modified_gmt":"2025-06-13T22:33:41","slug":"about-us","status":"publish","type":"page","link":"https:\/\/bitcoinhelixai.com\/pt-pt\/about-us\/","title":{"rendered":"Sobre n\u00f3s"},"content":{"rendered":"<p>A Bitcoin Helix AI \u00e9 a sua plataforma de confian\u00e7a onde pode negociar criptomoedas e obter forma\u00e7\u00e3o sobre o processo de negocia\u00e7\u00e3o, dicas e estrat\u00e9gias. O nosso objetivo \u00e9 capacitar os comerciantes, tanto novos como experientes, com o conhecimento e as ferramentas de que necessitam para ganhar no mundo da criptomoeda em constante mudan\u00e7a. Independentemente do facto de ser um principiante ou um operador experiente que procura aperfei\u00e7oar a sua estrat\u00e9gia, iremos orient\u00e1-lo em cada passo e ajud\u00e1-lo a ter sucesso.<\/p>\n<h2>As nossas origens: Uma paix\u00e3o por criptografia e educa\u00e7\u00e3o<\/h2>\n<p>A hist\u00f3ria da IA do Bitcoin Helix come\u00e7a com uma paix\u00e3o pela criptomoeda e uma dedica\u00e7\u00e3o para oferecer educa\u00e7\u00e3o acess\u00edvel a todos. Nossos criadores, uma equipe formada por comerciantes veteranos, professores e profissionais de tecnologia, viram a necessidade de diminuir a dist\u00e2ncia entre as complexidades do com\u00e9rcio de criptomoedas e o fornecimento de recursos educacionais acion\u00e1veis. Eles entenderam que, embora existam muitas oportunidades nos mercados de criptomoedas, h\u00e1 uma escassez de educa\u00e7\u00e3o estruturada e f\u00e1cil de obter que deixa muitos comerciantes vulner\u00e1veis a cometer erros arriscados.<\/p>\n<p>E assim o Bitcoin Helix AI foi criado onde amalgamamos anos de experi\u00eancia de negocia\u00e7\u00e3o com compreens\u00e3o detalhada de m\u00e9todos educacionais para fornecer uma plataforma que \u00e9 f\u00e1cil de usar, perspicaz e acess\u00edvel a todos os comerciantes. Ao longo dos anos, a Bitcoin Helix AI evoluiu para uma das plataformas educacionais de criptomoeda mais confi\u00e1veis que est\u00e1 em constante evolu\u00e7\u00e3o para atender \u00e0s necessidades de seus usu\u00e1rios.<\/p>\n<h2>As origens da criptomoeda<\/h2>\n<p>N\u00e3o se pode falar de criptomoeda sem falar de Bitcoin. Ambas foram criadas em 2009 por uma figura an\u00f3nima conhecida apenas como Satoshi Nakamoto. A ideia de Nakamoto era criar um sistema monet\u00e1rio descentralizado, peer-to-peer, que pudesse funcionar sem a necessidade de uma supervis\u00e3o central, como um banco ou um governo a puxar os cordelinhos. Esta vis\u00e3o revolucion\u00e1ria esfor\u00e7ou-se por proporcionar liberdade financeira, transpar\u00eancia e seguran\u00e7a atrav\u00e9s da tecnologia blockchain.<\/p>\n<p>A cadeia de blocos \u00e9 um livro-raz\u00e3o descentralizado onde todas as transac\u00e7\u00f5es s\u00e3o registadas. Este \u00e9 p\u00fablico e protegido por um processo chamado minera\u00e7\u00e3o, garantindo que todas as transac\u00e7\u00f5es realizadas s\u00e3o transparentes. Desde a sua cria\u00e7\u00e3o, o valor da Bitcoin tem vindo a aumentar rapidamente, atraindo milh\u00f5es de utilizadores, investidores e programadores para o espa\u00e7o criptogr\u00e1fico.<br \/>\nForam tamb\u00e9m criadas milhares de outras criptomoedas, cada uma com carater\u00edsticas e objectivos \u00fanicos. O Ethereum, por exemplo, lan\u00e7ou contratos inteligentes, que permitiram aos programadores criar aplica\u00e7\u00f5es descentralizadas (dApps) na sua cadeia de blocos. Outras ofertas, como Litecoin, Ripple (XRP) e Cardano, contribu\u00edram com algo novo e expandiram ainda mais as possibilidades da tecnologia blockchain.<\/p>\n<h2>Educa\u00e7\u00e3o, comunidade e estrat\u00e9gias de negocia\u00e7\u00e3o<\/h2>\n<p>Na Bitcoin Helix AI, a educa\u00e7\u00e3o \u00e9 fundamental para o sucesso em sua jornada de negocia\u00e7\u00e3o. \u00c9 por isso que constru\u00edmos uma plataforma que prioriza recursos educacionais acess\u00edveis e de alta qualidade para nossos usu\u00e1rios. Entendemos que mergulhar no mundo da criptomoeda pode ser avassalador no in\u00edcio, mas com a orienta\u00e7\u00e3o certa, qualquer pessoa pode aprender a negociar com confian\u00e7a.<\/p>\n<h2>Educa\u00e7\u00e3o: Capacitando-o com conhecimento<\/h2>\n<p>Oferecemos vastos recursos educacionais feitos sob medida para atender a comerciantes de todos os n\u00edveis. Quer seja um novato ou um trader experiente que procura aperfei\u00e7oar as suas capacidades, a Helix AI tem algo para si. Os nossos m\u00f3dulos de aprendizagem cobrem uma vasta gama de t\u00f3picos, incluindo:<\/p>\n<p>Entendendo o b\u00e1sico da criptomoeda: Fornecemos descri\u00e7\u00f5es f\u00e1ceis de entender dos principais conceitos de criptomoeda, como blockchain, minera\u00e7\u00e3o e carteiras.<\/p>\n<p>An\u00e1lise t\u00e9cnica: Aprenda a compreender os gr\u00e1ficos, indicadores e padr\u00f5es do mercado para o ajudar a tomar decis\u00f5es informadas.<\/p>\n<p>Estrat\u00e9gias de negocia\u00e7\u00e3o: Mergulhe em estrat\u00e9gias testadas para day trading, swing trading e investimento a longo prazo.<\/p>\n<p>Gest\u00e3o do risco: Compreender como gerir o risco e proteger os investimentos em mercados vol\u00e1teis.<\/p>\n<p>Cada m\u00f3dulo \u00e9 definido para orientar um trader desde o ABC da negocia\u00e7\u00e3o de criptomoedas at\u00e9 estrat\u00e9gias avan\u00e7adas. Pode progredir ao seu pr\u00f3prio ritmo e tornar-se um operador especializado num instante.<\/p>\n<h2>Comunidade: Aprender em conjunto<\/h2>\n<p>Na Bitcoin Helix AI, constru\u00edmos uma comunidade robusta de traders ansiosos para compartilhar suas experi\u00eancias e percep\u00e7\u00f5es e orientar a nova gera\u00e7\u00e3o de traders. Nossa comunidade \u00e9 nosso orgulho e alegria e fornece um espa\u00e7o onde os alunos podem fazer perguntas, trocar id\u00e9ias e crescer juntos.<\/p>\n<p>Pode estabelecer contacto com outros operadores na nossa comunidade atrav\u00e9s de f\u00f3runs de discuss\u00e3o, webinars, sess\u00f5es de perguntas e respostas em direto e muito mais. Pode fazer-lhes perguntas e obter informa\u00e7\u00f5es de operadores novatos e experientes. A nossa equipa tamb\u00e9m se envolve ativamente com a comunidade, d\u00e1 apoio consistente e responde a quaisquer perguntas que possa ter.<\/p>\n<h2>Dicas e estrat\u00e9gias: Negociar com confian\u00e7a<\/h2>\n<p>Al\u00e9m do conhecimento, voc\u00ea precisar\u00e1 desenvolver as estrat\u00e9gias certas para ter sucesso total como comerciante de criptomoedas. \u00c9 aqui que o Helix AI entra e fornece uma infinidade de dicas e truques \u00fateis. Estes ir\u00e3o ajud\u00e1-lo a refinar a sua estrat\u00e9gia e garantir o sucesso no mercado de criptografia.<\/p>\n<p>Mantenha-se informado: Mantenha-se atualizado com as \u00faltimas tend\u00eancias e not\u00edcias do mercado que lhe permitir\u00e3o tomar decis\u00f5es baseadas em dados.<\/p>\n<p>Gest\u00e3o de riscos: Saiba como pode avaliar o seu r\u00e1cio risco-recompensa e evitar perdas significativas.<\/p>\n<p>Diversificar a sua carteira: Saiba porque \u00e9 importante diversificar os seus investimentos e como pode equilibr\u00e1-los entre diferentes criptomoedas.<\/p>\n<p>Alavancar estrat\u00e9gias avan\u00e7adas: O Bitcoin Helix AI oferece li\u00e7\u00f5es detalhadas sobre estrat\u00e9gias avan\u00e7adas para traders experientes que est\u00e3o aprendendo a expandir seu conhecimento e conjunto de habilidades.<\/p>\n<p>Com as ferramentas e estrat\u00e9gias certas, voc\u00ea estar\u00e1 equipado para tomar decis\u00f5es informadas e assumir o controle de sua jornada de negocia\u00e7\u00e3o.<\/p>\n","protected":false},"excerpt":{"rendered":"<p>A \u00e9 a sua plataforma de confian\u00e7a onde pode negociar criptomoedas e obter forma\u00e7\u00e3o sobre o processo de negocia\u00e7\u00e3o, dicas e estrat\u00e9gias. O nosso objetivo \u00e9 capacitar os comerciantes, tanto novos como experientes, com o conhecimento e as ferramentas de que necessitam para ganhar no mundo da criptomoeda em constante mudan\u00e7a. Independentemente do facto de [&hellip;]<\/p>\n","protected":false},"author":2,"featured_media":0,"parent":0,"menu_order":0,"comment_status":"closed","ping_status":"closed","template":"page-about.php","meta":{"footnotes":""},"class_list":["post-2881","page","type-page","status-publish","hentry"],"yoast_head":"<!-- This site is optimized with the Yoast SEO plugin v23.8 - https:\/\/yoast.com\/wordpress\/plugins\/seo\/ -->\n<title>Bitcoin Helix AI \u2122 | Offici\u00eble website 2026 | Claim nu!<\/title>\n<meta name=\"robots\" content=\"index, follow, max-snippet:-1, max-image-preview:large, max-video-preview:-1\" \/>\n<meta property=\"og:locale\" content=\"pt_PT\" \/>\n<meta property=\"og:site_name\" content=\"Bitcoin Helix AI\" \/>\n<meta property=\"article:modified_time\" content=\"2025-06-13T22:33:41+00:00\" \/>\n<meta name=\"twitter:card\" content=\"summary_large_image\" \/>\n<meta name=\"twitter:label1\" content=\"Tempo estimado de leitura\" \/>\n\t<meta name=\"twitter:data1\" content=\"4 minutos\" \/>\n<!-- \/ Yoast SEO plugin. -->","yoast_head_json":{"title":"Bitcoin Helix AI \u2122 | Offici\u00eble website 2026 | Claim nu!","robots":{"index":"index","follow":"follow","max-snippet":"max-snippet:-1","max-image-preview":"max-image-preview:large","max-video-preview":"max-video-preview:-1"},"og_locale":"pt_PT","og_site_name":"Bitcoin Helix AI","article_modified_time":"2025-06-13T22:33:41+00:00","twitter_card":"summary_large_image","twitter_misc":{"Tempo estimado de leitura":"4 minutos"},"schema":{"@context":"https:\/\/schema.org","@graph":[{"@type":"WebPage","@id":"https:\/\/bitcoinhelixai.com\/pt-pt\/about-us\/","url":"https:\/\/bitcoinhelixai.com\/pt-pt\/about-us\/","name":"Sobre n\u00f3s - Bitcoin Helix AI","isPartOf":{"@id":"https:\/\/bitcoinhelixai.com\/#website"},"datePublished":"2024-05-27T16:57:39+00:00","dateModified":"2025-06-13T22:33:41+00:00","breadcrumb":{"@id":"https:\/\/bitcoinhelixai.com\/pt-pt\/about-us\/#breadcrumb"},"inLanguage":"pt-PT","potentialAction":[{"@type":"ReadAction","target":["https:\/\/bitcoinhelixai.com\/pt-pt\/about-us\/"]}]},{"@type":"BreadcrumbList","@id":"https:\/\/bitcoinhelixai.com\/pt-pt\/about-us\/#breadcrumb","itemListElement":[{"@type":"ListItem","position":1,"name":"Home","item":"https:\/\/bitcoinhelixai.com\/"},{"@type":"ListItem","position":2,"name":"Sobre n\u00f3s"}]},{"@type":"WebSite","@id":"https:\/\/bitcoinhelixai.com\/#website","url":"https:\/\/bitcoinhelixai.com\/","name":"Bitcoin Helix AI","description":"","potentialAction":[{"@type":"SearchAction","target":{"@type":"EntryPoint","urlTemplate":"https:\/\/bitcoinhelixai.com\/?s={search_term_string}"},"query-input":{"@type":"PropertyValueSpecification","valueRequired":true,"valueName":"search_term_string"}}],"inLanguage":"pt-PT"}]}},"_links":{"self":[{"href":"https:\/\/bitcoinhelixai.com\/pt-pt\/wp-json\/wp\/v2\/pages\/2881","targetHints":{"allow":["GET"]}}],"collection":[{"href":"https:\/\/bitcoinhelixai.com\/pt-pt\/wp-json\/wp\/v2\/pages"}],"about":[{"href":"https:\/\/bitcoinhelixai.com\/pt-pt\/wp-json\/wp\/v2\/types\/page"}],"author":[{"embeddable":true,"href":"https:\/\/bitcoinhelixai.com\/pt-pt\/wp-json\/wp\/v2\/users\/2"}],"replies":[{"embeddable":true,"href":"https:\/\/bitcoinhelixai.com\/pt-pt\/wp-json\/wp\/v2\/comments?post=2881"}],"version-history":[{"count":9,"href":"https:\/\/bitcoinhelixai.com\/pt-pt\/wp-json\/wp\/v2\/pages\/2881\/revisions"}],"predecessor-version":[{"id":3293,"href":"https:\/\/bitcoinhelixai.com\/pt-pt\/wp-json\/wp\/v2\/pages\/2881\/revisions\/3293"}],"wp:attachment":[{"href":"https:\/\/bitcoinhelixai.com\/pt-pt\/wp-json\/wp\/v2\/media?parent=2881"}],"curies":[{"name":"wp","href":"https:\/\/api.w.org\/{rel}","templated":true}]}}