{"id":2883,"date":"2024-05-27T16:57:39","date_gmt":"2024-05-27T16:57:39","guid":{"rendered":"https:\/\/bitcoinhelixai.com\/about-us\/"},"modified":"2025-06-13T22:33:47","modified_gmt":"2025-06-13T22:33:47","slug":"about-us","status":"publish","type":"page","link":"https:\/\/bitcoinhelixai.com\/sv\/about-us\/","title":{"rendered":"Om oss"},"content":{"rendered":"<p>Bitcoin Helix AI \u00e4r din p\u00e5litliga plattform d\u00e4r du kan handla kryptovaluta och f\u00e5 utbildning i handelsprocessen, tips och strategier. V\u00e5rt m\u00e5l \u00e4r att ge handlare, b\u00e5de nya och erfarna, den kunskap och de verktyg de beh\u00f6ver f\u00f6r att vinna i den st\u00e4ndigt f\u00f6r\u00e4nderliga kryptovalutav\u00e4rlden. Oavsett om du \u00e4r nyb\u00f6rjare eller en erfaren handlare som vill finslipa din strategi kommer vi att v\u00e4gleda dig i varje steg och hj\u00e4lpa dig att lyckas.<\/p>\n<h2>V\u00e5rt ursprung: En passion f\u00f6r krypto och utbildning<\/h2>\n<p>Bitcoin Helix AI-ber\u00e4ttelse b\u00f6rjar med en passion f\u00f6r kryptovaluta och ett engagemang f\u00f6r att erbjuda utbildning som \u00e4r tillg\u00e4nglig f\u00f6r alla. V\u00e5ra skapare, ett team best\u00e5ende av veteranhandlare, l\u00e4rare och teknikproffs, s\u00e5g behovet av att minska avst\u00e5ndet mellan de komplicerade f\u00f6rh\u00e5llandena inom kryptovalutahandel och att tillhandah\u00e5lla handlingsbara utbildningsresurser. De f\u00f6rstod att \u00e4ven om det finns gott om m\u00f6jligheter p\u00e5 kryptomarknaderna, finns det en brist p\u00e5 strukturerad, l\u00e4tt\u00e5tkomlig utbildning som g\u00f6r att m\u00e5nga handlare \u00e4r s\u00e5rbara f\u00f6r att g\u00f6ra riskabla misstag.<\/p>\n<p>Och d\u00e4rmed skapades Bitcoin Helix AI d\u00e4r vi sammanfogar m\u00e5nga \u00e5rs erfarenhet av handel med detaljerad f\u00f6rst\u00e5else av utbildningsmetoder f\u00f6r att tillhandah\u00e5lla en plattform som \u00e4r l\u00e4tt att anv\u00e4nda, insiktsfull och tillg\u00e4nglig f\u00f6r alla handlare. Under \u00e5ren har Bitcoin Helix AI utvecklats till en av de mest betrodda utbildningsplattformarna f\u00f6r kryptovaluta som st\u00e4ndigt utvecklas f\u00f6r att tillgodose sina anv\u00e4ndares behov.<\/p>\n<h2>Ursprunget till kryptovaluta<\/h2>\n<p>Man kan inte prata om kryptovaluta utan att prata om Bitcoin. B\u00e5da kom till 2009 av en anonym figur som endast var k\u00e4nd som Satoshi Nakamoto. Nakamotos id\u00e9 var att skapa ett decentraliserat, peer-to-peer-valutasystem som kunde fungera utan att beh\u00f6va en central tillsyn som en bank eller regering som drar i tr\u00e5darna. Denna revolutionerande vision str\u00e4vade efter att ge ekonomisk frihet, transparens och s\u00e4kerhet genom blockkedjetekniken.<\/p>\n<p>Blockkedjan \u00e4r en decentraliserad liggare d\u00e4r varje transaktion registreras. Detta \u00e4r offentligt och s\u00e4kras genom en process som kallas mining, vilket s\u00e4kerst\u00e4ller att alla transaktioner som genomf\u00f6rs \u00e4r transparenta. Sedan starten har Bitcoins v\u00e4rde g\u00e5tt med stormsteg och lockat miljontals anv\u00e4ndare, investerare och utvecklare till kryptorummet.<br \/>\nTusentals andra kryptovalutor har ocks\u00e5 etablerats, d\u00e4r var och en erbjuder unika funktioner och syften. Ethereum, till exempel, lanserade smarta kontrakt som gjorde det m\u00f6jligt f\u00f6r utvecklare att bygga decentraliserade applikationer (dApps) p\u00e5 dess blockkedja. Andra erbjudanden, som Litecoin, Ripple (XRP) och Cardano, har var och en bidragit med n\u00e5got nytt och ytterligare ut\u00f6kat m\u00f6jligheterna med blockkedjetekniken.<\/p>\n<h2>Utbildning, gemenskap och handelsstrategier<\/h2>\n<p>P\u00e5 Bitcoin Helix AI \u00e4r utbildning av st\u00f6rsta vikt f\u00f6r att lyckas med din handelsresa. Det \u00e4r d\u00e4rf\u00f6r vi har byggt en plattform som prioriterar tillg\u00e4ngliga, h\u00f6gkvalitativa utbildningsresurser f\u00f6r v\u00e5ra anv\u00e4ndare. Vi f\u00f6rst\u00e5r att det kan vara \u00f6verv\u00e4ldigande att dyka in i kryptovalutans v\u00e4rld i b\u00f6rjan, men med r\u00e4tt v\u00e4gledning kan vem som helst l\u00e4ra sig att handla med sj\u00e4lvf\u00f6rtroende.<\/p>\n<h2>Utbildning: Vi ger dig kunskap<\/h2>\n<p>Vi erbjuder omfattande utbildningsresurser som \u00e4r skr\u00e4ddarsydda f\u00f6r att tillgodose handlare p\u00e5 alla niv\u00e5er. Oavsett om du \u00e4r nyb\u00f6rjare eller en erfaren trader som vill f\u00f6rb\u00e4ttra dina f\u00e4rdigheter har Helix AI n\u00e5got f\u00f6r dig. V\u00e5ra utbildningsmoduler t\u00e4cker ett brett spektrum av \u00e4mnen, inklusive:<\/p>\n<p>F\u00f6rst\u00e5 grunderna i kryptovalutor: Vi ger l\u00e4ttf\u00f6rst\u00e5eliga beskrivningar av de viktigaste begreppen inom kryptovaluta, s\u00e5som blockkedja, gruvdrift och pl\u00e5nb\u00f6cker.<\/p>\n<p>Teknisk analys: L\u00e4r dig att f\u00f6rst\u00e5 marknadsdiagram, indikatorer och m\u00f6nster s\u00e5 att du kan fatta v\u00e4lgrundade beslut.<\/p>\n<p>Handelsstrategier: F\u00f6rdjupa dig i testade strategier f\u00f6r daytrading, swingtrading och l\u00e5ngsiktiga investeringar.<\/p>\n<p>Riskhantering: F\u00f6rst\u00e5 hur man hanterar risker och skyddar investeringar p\u00e5 volatila marknader.<\/p>\n<p>Varje modul \u00e4r utformad f\u00f6r att v\u00e4gleda en handlare fr\u00e5n ABC i kryptovalutahandel till avancerade strategier. Du kan g\u00e5 vidare i din egen takt och bli en experthandlare p\u00e5 nolltid.<\/p>\n<h2>Gemenskap: L\u00e4r dig tillsammans<\/h2>\n<p>P\u00e5 Bitcoin Helix AI har vi byggt en robust gemenskap av handlare som \u00e4r angel\u00e4gna om att dela med sig av sina erfarenheter och insikter och v\u00e4gleda den nya generationen handlare. V\u00e5r community \u00e4r v\u00e5r stolthet och gl\u00e4dje och ger ett utrymme d\u00e4r elever kan st\u00e4lla fr\u00e5gor, utbyta id\u00e9er och v\u00e4xa tillsammans.<\/p>\n<p>Du kan f\u00e5 kontakt med andra traders i v\u00e5r community genom diskussionsforum, webbseminarier, live Q&amp;A-sessioner och mycket mer. Du kan st\u00e4lla fr\u00e5gor till dem och f\u00e5 insikter fr\u00e5n b\u00e5de nyb\u00f6rjare och experthandlare. V\u00e5rt team engagerar sig ocks\u00e5 aktivt i communityn, ger konsekvent support och svarar p\u00e5 alla fr\u00e5gor du kan t\u00e4nkas ha.<\/p>\n<h2>Tips och strategier: Handla med sj\u00e4lvf\u00f6rtroende<\/h2>\n<p>F\u00f6rutom kunskap m\u00e5ste du utveckla r\u00e4tt strategier f\u00f6r att lyckas fullt ut som kryptovalutahandlare. Det \u00e4r h\u00e4r Helix AI kommer in i bilden och tillhandah\u00e5ller en uppsj\u00f6 av anv\u00e4ndbara tips och tricks. Dessa kommer att hj\u00e4lpa dig att f\u00f6rfina din strategi och s\u00e4kerst\u00e4lla framg\u00e5ng p\u00e5 kryptomarknaden.<\/p>\n<p>H\u00e5ll dig informerad: H\u00e5ll dig uppdaterad med de senaste marknadstrenderna och nyheterna som g\u00f6r det m\u00f6jligt f\u00f6r dig att fatta datadrivna beslut.<\/p>\n<p>Riskhantering: L\u00e4r dig hur du kan bed\u00f6ma f\u00f6rh\u00e5llandet mellan risk och avkastning och undvika betydande f\u00f6rluster.<\/p>\n<p>Diversifiera din portf\u00f6lj: L\u00e4r dig varf\u00f6r det \u00e4r viktigt att diversifiera dina investeringar och hur du kan balansera dem mellan olika kryptovalutor.<\/p>\n<p>Utnyttja avancerade strategier: Bitcoin Helix AI erbjuder detaljerade lektioner om avancerade strategier f\u00f6r erfarna handlare som l\u00e4r sig att ut\u00f6ka sin kunskap och kompetens.<\/p>\n<p>Med r\u00e4tt verktyg och strategier kommer du att vara utrustad f\u00f6r att fatta v\u00e4lgrundade beslut och ta kontroll \u00f6ver din handelsresa.<\/p>\n","protected":false},"excerpt":{"rendered":"<p>\u00e4r din p\u00e5litliga plattform d\u00e4r du kan handla kryptovaluta och f\u00e5 utbildning i handelsprocessen, tips och strategier. V\u00e5rt m\u00e5l \u00e4r att ge handlare, b\u00e5de nya och erfarna, den kunskap och de verktyg de beh\u00f6ver f\u00f6r att vinna i den st\u00e4ndigt f\u00f6r\u00e4nderliga kryptovalutav\u00e4rlden. Oavsett om du \u00e4r nyb\u00f6rjare eller en erfaren handlare som vill finslipa din [&hellip;]<\/p>\n","protected":false},"author":2,"featured_media":0,"parent":0,"menu_order":0,"comment_status":"closed","ping_status":"closed","template":"page-about.php","meta":{"footnotes":""},"class_list":["post-2883","page","type-page","status-publish","hentry"],"yoast_head":"<!-- This site is optimized with the Yoast SEO plugin v23.8 - https:\/\/yoast.com\/wordpress\/plugins\/seo\/ -->\n<title>Bitcoin Helix AI \u2122 | Offici\u00eble website 2026 | Claim nu!<\/title>\n<meta name=\"robots\" content=\"index, follow, max-snippet:-1, max-image-preview:large, max-video-preview:-1\" \/>\n<meta property=\"og:locale\" content=\"sv_SE\" \/>\n<meta property=\"og:site_name\" content=\"Bitcoin Helix AI\" \/>\n<meta property=\"article:modified_time\" content=\"2025-06-13T22:33:47+00:00\" \/>\n<meta name=\"twitter:card\" content=\"summary_large_image\" \/>\n<meta name=\"twitter:label1\" content=\"Ber\u00e4knad l\u00e4stid\" \/>\n\t<meta name=\"twitter:data1\" content=\"4 minuter\" \/>\n<!-- \/ Yoast SEO plugin. -->","yoast_head_json":{"title":"Bitcoin Helix AI \u2122 | Offici\u00eble website 2026 | Claim nu!","robots":{"index":"index","follow":"follow","max-snippet":"max-snippet:-1","max-image-preview":"max-image-preview:large","max-video-preview":"max-video-preview:-1"},"og_locale":"sv_SE","og_site_name":"Bitcoin Helix AI","article_modified_time":"2025-06-13T22:33:47+00:00","twitter_card":"summary_large_image","twitter_misc":{"Ber\u00e4knad l\u00e4stid":"4 minuter"},"schema":{"@context":"https:\/\/schema.org","@graph":[{"@type":"WebPage","@id":"https:\/\/bitcoinhelixai.com\/sv\/about-us\/","url":"https:\/\/bitcoinhelixai.com\/sv\/about-us\/","name":"Om oss - Bitcoin Helix AI","isPartOf":{"@id":"https:\/\/bitcoinhelixai.com\/#website"},"datePublished":"2024-05-27T16:57:39+00:00","dateModified":"2025-06-13T22:33:47+00:00","breadcrumb":{"@id":"https:\/\/bitcoinhelixai.com\/sv\/about-us\/#breadcrumb"},"inLanguage":"sv-SE","potentialAction":[{"@type":"ReadAction","target":["https:\/\/bitcoinhelixai.com\/sv\/about-us\/"]}]},{"@type":"BreadcrumbList","@id":"https:\/\/bitcoinhelixai.com\/sv\/about-us\/#breadcrumb","itemListElement":[{"@type":"ListItem","position":1,"name":"Home","item":"https:\/\/bitcoinhelixai.com\/"},{"@type":"ListItem","position":2,"name":"Om oss"}]},{"@type":"WebSite","@id":"https:\/\/bitcoinhelixai.com\/#website","url":"https:\/\/bitcoinhelixai.com\/","name":"Bitcoin Helix AI","description":"","potentialAction":[{"@type":"SearchAction","target":{"@type":"EntryPoint","urlTemplate":"https:\/\/bitcoinhelixai.com\/?s={search_term_string}"},"query-input":{"@type":"PropertyValueSpecification","valueRequired":true,"valueName":"search_term_string"}}],"inLanguage":"sv-SE"}]}},"_links":{"self":[{"href":"https:\/\/bitcoinhelixai.com\/sv\/wp-json\/wp\/v2\/pages\/2883","targetHints":{"allow":["GET"]}}],"collection":[{"href":"https:\/\/bitcoinhelixai.com\/sv\/wp-json\/wp\/v2\/pages"}],"about":[{"href":"https:\/\/bitcoinhelixai.com\/sv\/wp-json\/wp\/v2\/types\/page"}],"author":[{"embeddable":true,"href":"https:\/\/bitcoinhelixai.com\/sv\/wp-json\/wp\/v2\/users\/2"}],"replies":[{"embeddable":true,"href":"https:\/\/bitcoinhelixai.com\/sv\/wp-json\/wp\/v2\/comments?post=2883"}],"version-history":[{"count":9,"href":"https:\/\/bitcoinhelixai.com\/sv\/wp-json\/wp\/v2\/pages\/2883\/revisions"}],"predecessor-version":[{"id":3295,"href":"https:\/\/bitcoinhelixai.com\/sv\/wp-json\/wp\/v2\/pages\/2883\/revisions\/3295"}],"wp:attachment":[{"href":"https:\/\/bitcoinhelixai.com\/sv\/wp-json\/wp\/v2\/media?parent=2883"}],"curies":[{"name":"wp","href":"https:\/\/api.w.org\/{rel}","templated":true}]}}