{"id":2884,"date":"2024-05-27T16:57:39","date_gmt":"2024-05-27T16:57:39","guid":{"rendered":"https:\/\/bitcoinhelixai.com\/about-us\/"},"modified":"2025-06-13T22:33:49","modified_gmt":"2025-06-13T22:33:49","slug":"about-us","status":"publish","type":"page","link":"https:\/\/bitcoinhelixai.com\/tr\/about-us\/","title":{"rendered":"Hakk\u0131m\u0131zda"},"content":{"rendered":"<p>Bitcoin Helix AI, kripto para ticareti yapabilece\u011finiz ve ticaret s\u00fcreci, ipu\u00e7lar\u0131 ve stratejiler konusunda e\u011fitim alabilece\u011finiz g\u00fcvenilir platformunuzdur. Amac\u0131m\u0131z, hem yeni hem de deneyimli yat\u0131r\u0131mc\u0131lar\u0131, s\u00fcrekli de\u011fi\u015fen kripto para d\u00fcnyas\u0131nda kazanmak i\u00e7in ihtiya\u00e7 duyduklar\u0131 bilgi ve ara\u00e7larla g\u00fc\u00e7lendirmektir. Yeni ba\u015flayan veya stratejinizi geli\u015ftirmek isteyen deneyimli bir t\u00fcccar olman\u0131za bak\u0131lmaks\u0131z\u0131n, her ad\u0131mda size rehberlik edecek ve ba\u015far\u0131l\u0131 olman\u0131za yard\u0131mc\u0131 olaca\u011f\u0131z.<\/p>\n<h2>K\u00f6kenlerimiz: Kripto ve E\u011fitim Tutkusu<\/h2>\n<p>Bitcoin Helix&#8217;in yapay zeka hikayesi, kripto para tutkusu ve herkesin eri\u015febilece\u011fi bir e\u011fitim sunmaya adanm\u0131\u015fl\u0131kla ba\u015flar. Deneyimli t\u00fcccarlar, \u00f6\u011fretmenler ve teknoloji uzmanlar\u0131ndan olu\u015fan bir ekip olan yarat\u0131c\u0131lar\u0131m\u0131z, kripto para birimi ticaretinin karma\u015f\u0131kl\u0131klar\u0131 ile eyleme ge\u00e7irilebilir e\u011fitim kaynaklar\u0131 sa\u011flama aras\u0131ndaki mesafeyi kapatma ihtiyac\u0131n\u0131 g\u00f6rd\u00fcler. Kripto piyasalar\u0131nda \u00e7ok say\u0131da f\u0131rsat olmas\u0131na ra\u011fmen, bir\u00e7ok yat\u0131r\u0131mc\u0131y\u0131 riskli hatalar yapmaya kar\u015f\u0131 savunmas\u0131z b\u0131rakan yap\u0131land\u0131r\u0131lm\u0131\u015f, elde edilmesi kolay bir e\u011fitim eksikli\u011fi oldu\u011funu anlad\u0131lar.<\/p>\n<p>Ve b\u00f6ylece Bitcoin Helix AI, kullan\u0131m\u0131 kolay, anlay\u0131\u015fl\u0131 ve t\u00fcm t\u00fcccarlar i\u00e7in eri\u015filebilir bir platform sa\u011flamak i\u00e7in y\u0131llar\u0131n ticaret deneyimini e\u011fitim y\u00f6ntemlerinin ayr\u0131nt\u0131l\u0131 bir \u015fekilde anla\u015f\u0131lmas\u0131yla birle\u015ftirdi\u011fimiz yerde yarat\u0131ld\u0131. Y\u0131llar ge\u00e7tik\u00e7e, Bitcoin Helix AI, kullan\u0131c\u0131lar\u0131n\u0131n ihtiya\u00e7lar\u0131na hizmet etmek i\u00e7in s\u00fcrekli geli\u015fen en g\u00fcvenilir kripto para birimi e\u011fitim platformlar\u0131ndan biri haline geldi.<\/p>\n<h2>Kripto Paran\u0131n K\u00f6kenleri<\/h2>\n<p>Bitcoin hakk\u0131nda konu\u015fmadan kripto para hakk\u0131nda konu\u015fmak m\u00fcmk\u00fcn de\u011fildir. Her ikisi de 2009 y\u0131l\u0131nda sadece Satoshi Nakamoto olarak bilinen anonim bir ki\u015fi taraf\u0131ndan ortaya \u00e7\u0131kt\u0131. Nakamoto&#8217;nun fikri, ipleri elinde tutan bir banka ya da h\u00fck\u00fcmet gibi merkezi bir denetime ihtiya\u00e7 duymadan \u00e7al\u0131\u015fabilecek, merkezi olmayan, e\u015fler aras\u0131 bir para birimi sistemi yaratmakt\u0131. Bu devrim niteli\u011findeki vizyon, blockchain teknolojisi arac\u0131l\u0131\u011f\u0131yla finansal \u00f6zg\u00fcrl\u00fck, \u015feffafl\u0131k ve g\u00fcvenlik sa\u011flamaya \u00e7al\u0131\u015fm\u0131\u015ft\u0131r.<\/p>\n<p>Blok zinciri, her i\u015flemin kaydedildi\u011fi merkezi olmayan bir defterdir. Bu halka a\u00e7\u0131kt\u0131r ve madencilik ad\u0131 verilen bir s\u00fcre\u00e7le g\u00fcvence alt\u0131na al\u0131n\u0131r ve yap\u0131lan t\u00fcm i\u015flemlerin \u015feffaf olmas\u0131n\u0131 sa\u011flar. Ba\u015flang\u0131c\u0131ndan bu yana, Bitcoin&#8217;in de\u011feri h\u0131zla artarak milyonlarca kullan\u0131c\u0131y\u0131, yat\u0131r\u0131mc\u0131y\u0131 ve geli\u015ftiriciyi kripto alan\u0131na \u00e7ekmi\u015ftir.<br \/>\nHer biri benzersiz \u00f6zellikler ve ama\u00e7lar sunan binlerce ba\u015fka kripto para birimi de olu\u015fturulmu\u015ftur. Ethereum, geli\u015ftiricilerin blok zinciri \u00fczerinde merkezi olmayan uygulamalar (dApps) olu\u015fturmas\u0131na olanak tan\u0131yan ak\u0131ll\u0131 s\u00f6zle\u015fmeler ba\u015flatt\u0131. Litecoin, Ripple (XRP) ve Cardano gibi di\u011fer tekliflerin her biri yeni bir \u015fey katt\u0131 ve blok zinciri teknolojisinin olanaklar\u0131n\u0131 daha da geni\u015fletti.<\/p>\n<h2>E\u011fitim, Topluluk ve Ticaret Stratejileri<\/h2>\n<p>Bitcoin Helix AI&#8217;da e\u011fitim, ticaret yolculu\u011funuzda ba\u015far\u0131 i\u00e7in \u00e7ok \u00f6nemlidir. Bu nedenle, kullan\u0131c\u0131lar\u0131m\u0131z i\u00e7in eri\u015filebilir, y\u00fcksek kaliteli e\u011fitim kaynaklar\u0131na \u00f6ncelik veren bir platform olu\u015fturduk. Kripto para d\u00fcnyas\u0131na dalman\u0131n ba\u015flang\u0131\u00e7ta bunalt\u0131c\u0131 olabilece\u011fini biliyoruz, ancak do\u011fru rehberlikle herkes g\u00fcvenle ticaret yapmay\u0131 \u00f6\u011frenebilir.<\/p>\n<h2>E\u011fitim: Sizi Bilgi ile G\u00fc\u00e7lendiriyoruz<\/h2>\n<p>Her seviyedeki t\u00fcccarlara hitap etmek i\u00e7in \u00f6zel olarak haz\u0131rlanm\u0131\u015f geni\u015f e\u011fitim kaynaklar\u0131 sunuyoruz. \u0130ster acemi olun, ister becerilerinizi geli\u015ftirmek isteyen deneyimli bir t\u00fcccar olun, Helix AI&#8217;da sizin i\u00e7in bir \u015feyler var. \u00d6\u011frenme mod\u00fcllerimiz, a\u015fa\u011f\u0131dakiler de dahil olmak \u00fczere \u00e7ok \u00e7e\u015fitli konular\u0131 kapsamaktad\u0131r:<\/p>\n<p>Kripto Para Temellerini Anlamak: Blok zinciri, madencilik ve c\u00fczdanlar gibi kripto para biriminin ana kavramlar\u0131n\u0131n anla\u015f\u0131lmas\u0131 kolay a\u00e7\u0131klamalar\u0131n\u0131 sunuyoruz.<\/p>\n<p>Teknik Analiz: Bilin\u00e7li kararlar alman\u0131za yard\u0131mc\u0131 olmak i\u00e7in piyasa grafiklerini, g\u00f6stergelerini ve modellerini nas\u0131l anlayaca\u011f\u0131n\u0131z\u0131 \u00f6\u011frenin.<\/p>\n<p>Ticaret Stratejileri: G\u00fcnl\u00fck al\u0131m sat\u0131m, dalgal\u0131 al\u0131m sat\u0131m ve uzun vadeli yat\u0131r\u0131m i\u00e7in test edilmi\u015f stratejilere dal\u0131n.<\/p>\n<p>Risk Y\u00f6netimi: Dalgal\u0131 piyasalarda riskin nas\u0131l y\u00f6netilece\u011fini ve yat\u0131r\u0131mlar\u0131n nas\u0131l korunaca\u011f\u0131n\u0131 anlay\u0131n.<\/p>\n<p>Her mod\u00fcl, bir t\u00fcccara kripto para birimi ticaretinin ABC&#8217;sinden geli\u015fmi\u015f stratejilere kadar rehberlik edecek \u015fekilde ayarlanm\u0131\u015ft\u0131r. Kendi h\u0131z\u0131n\u0131zda ilerleyebilir ve k\u0131sa s\u00fcrede uzman bir t\u00fcccar olabilirsiniz.<\/p>\n<h2>Topluluk: Birlikte \u00d6\u011frenmek<\/h2>\n<p>Bitcoin Helix AI&#8217;da, deneyimlerini ve i\u00e7g\u00f6r\u00fclerini payla\u015fmaya ve yeni nesil t\u00fcccarlara rehberlik etmeye istekli g\u00fc\u00e7l\u00fc bir t\u00fcccar toplulu\u011fu olu\u015fturduk. Toplulu\u011fumuz bizim gururumuz ve sevincimizdir ve \u00f6\u011frencilerin soru sorabilecekleri, fikir al\u0131\u015fveri\u015finde bulunabilecekleri ve birlikte b\u00fcy\u00fcyebilecekleri bir alan sa\u011flar.<\/p>\n<p>Tart\u0131\u015fma forumlar\u0131, web seminerleri, canl\u0131 Soru-Cevap oturumlar\u0131 ve daha fazlas\u0131 arac\u0131l\u0131\u011f\u0131yla toplulu\u011fumuzdaki di\u011fer yat\u0131r\u0131mc\u0131larla ba\u011flant\u0131 kurabilirsiniz. Onlara sorular sorabilir ve hem acemi hem de uzman t\u00fcccarlardan i\u00e7g\u00f6r\u00fcler edinebilirsiniz. Ekibimiz ayr\u0131ca toplumla aktif olarak ileti\u015fim kurmakta, s\u00fcrekli destek vermekte ve sorular\u0131n\u0131z\u0131 yan\u0131tlamaktad\u0131r.<\/p>\n<h2>\u0130pu\u00e7lar\u0131 ve Stratejiler: G\u00fcvenle Ticaret Yapmak<\/h2>\n<p>Bilgiye ek olarak, kripto para birimi t\u00fcccar\u0131 olarak tamamen ba\u015far\u0131l\u0131 olmak i\u00e7in do\u011fru stratejileri geli\u015ftirmeniz gerekecektir. Helix AI&#8217;n\u0131n devreye girdi\u011fi ve \u00e7ok say\u0131da yararl\u0131 ipucu ve p\u00fcf noktas\u0131 sa\u011flad\u0131\u011f\u0131 yer buras\u0131d\u0131r. Bunlar stratejinizi geli\u015ftirmenize yard\u0131mc\u0131 olacak ve kripto piyasas\u0131nda ba\u015far\u0131 sa\u011flayacakt\u0131r.<\/p>\n<p>Haberdar Olun: Veriye dayal\u0131 kararlar alman\u0131z\u0131 sa\u011flayacak en son piyasa trendleri ve haberleri ile g\u00fcncel kal\u0131n.<\/p>\n<p>Risk Y\u00f6netimi: Risk-\u00f6d\u00fcl oran\u0131n\u0131z\u0131 nas\u0131l de\u011ferlendirebilece\u011finizi ve \u00f6nemli kay\u0131plardan nas\u0131l ka\u00e7\u0131nabilece\u011finizi \u00f6\u011frenin.<\/p>\n<p>Portf\u00f6y\u00fcn\u00fcz\u00fc \u00c7e\u015fitlendirin: Yat\u0131r\u0131mlar\u0131n\u0131z\u0131 \u00e7e\u015fitlendirmenin neden \u00f6nemli oldu\u011funu ve bunlar\u0131 farkl\u0131 kripto para birimleri aras\u0131nda dengeleyebilece\u011finizi \u00f6\u011frenin.<\/p>\n<p>Geli\u015fmi\u015f Stratejilerden Yararlan\u0131n: Bitcoin Helix AI, bilgi ve beceri setlerini geni\u015fletmeyi \u00f6\u011frenen deneyimli t\u00fcccarlar i\u00e7in geli\u015fmi\u015f stratejiler hakk\u0131nda ayr\u0131nt\u0131l\u0131 dersler sunar.<\/p>\n<p>Do\u011fru ara\u00e7lar ve stratejilerle, bilin\u00e7li kararlar vermek ve ticaret yolculu\u011funuzun kontrol\u00fcn\u00fc ele almak i\u00e7in donan\u0131ml\u0131 olacaks\u0131n\u0131z.<\/p>\n","protected":false},"excerpt":{"rendered":"<p>, kripto para ticareti yapabilece\u011finiz ve ticaret s\u00fcreci, ipu\u00e7lar\u0131 ve stratejiler konusunda e\u011fitim alabilece\u011finiz g\u00fcvenilir platformunuzdur. Amac\u0131m\u0131z, hem yeni hem de deneyimli yat\u0131r\u0131mc\u0131lar\u0131, s\u00fcrekli de\u011fi\u015fen kripto para d\u00fcnyas\u0131nda kazanmak i\u00e7in ihtiya\u00e7 duyduklar\u0131 bilgi ve ara\u00e7larla g\u00fc\u00e7lendirmektir. Yeni ba\u015flayan veya stratejinizi geli\u015ftirmek isteyen deneyimli bir t\u00fcccar olman\u0131za bak\u0131lmaks\u0131z\u0131n, her ad\u0131mda size rehberlik edecek ve ba\u015far\u0131l\u0131 olman\u0131za [&hellip;]<\/p>\n","protected":false},"author":2,"featured_media":0,"parent":0,"menu_order":0,"comment_status":"closed","ping_status":"closed","template":"page-about.php","meta":{"footnotes":""},"class_list":["post-2884","page","type-page","status-publish","hentry"],"yoast_head":"<!-- This site is optimized with the Yoast SEO plugin v23.8 - https:\/\/yoast.com\/wordpress\/plugins\/seo\/ -->\n<title>Bitcoin Helix AI \u2122 | Offici\u00eble website 2026 | Claim nu!<\/title>\n<meta name=\"robots\" content=\"index, follow, max-snippet:-1, max-image-preview:large, max-video-preview:-1\" \/>\n<meta property=\"og:locale\" content=\"tr_TR\" \/>\n<meta property=\"og:site_name\" content=\"Bitcoin Pulse Trader\" \/>\n<meta property=\"article:modified_time\" content=\"2025-06-13T22:33:49+00:00\" \/>\n<meta name=\"twitter:card\" content=\"summary_large_image\" \/>\n<meta name=\"twitter:label1\" content=\"Tahmini okuma s\u00fcresi\" \/>\n\t<meta name=\"twitter:data1\" content=\"4 dakika\" \/>\n<!-- \/ Yoast SEO plugin. -->","yoast_head_json":{"title":"Bitcoin Helix AI \u2122 | Offici\u00eble website 2026 | Claim nu!","robots":{"index":"index","follow":"follow","max-snippet":"max-snippet:-1","max-image-preview":"max-image-preview:large","max-video-preview":"max-video-preview:-1"},"og_locale":"tr_TR","og_site_name":"Bitcoin Pulse Trader","article_modified_time":"2025-06-13T22:33:49+00:00","twitter_card":"summary_large_image","twitter_misc":{"Tahmini okuma s\u00fcresi":"4 dakika"},"schema":{"@context":"https:\/\/schema.org","@graph":[{"@type":"WebPage","@id":"https:\/\/bitcoinhelixai.com\/tr\/about-us\/","url":"https:\/\/bitcoinhelixai.com\/tr\/about-us\/","name":"Hakk\u0131m\u0131zda - Bitcoin Pulse Trader","isPartOf":{"@id":"https:\/\/bitcoinhelixai.com\/#website"},"datePublished":"2024-05-27T16:57:39+00:00","dateModified":"2025-06-13T22:33:49+00:00","breadcrumb":{"@id":"https:\/\/bitcoinhelixai.com\/tr\/about-us\/#breadcrumb"},"inLanguage":"tr","potentialAction":[{"@type":"ReadAction","target":["https:\/\/bitcoinhelixai.com\/tr\/about-us\/"]}]},{"@type":"BreadcrumbList","@id":"https:\/\/bitcoinhelixai.com\/tr\/about-us\/#breadcrumb","itemListElement":[{"@type":"ListItem","position":1,"name":"Home","item":"https:\/\/bitcoinhelixai.com\/"},{"@type":"ListItem","position":2,"name":"Hakk\u0131m\u0131zda"}]},{"@type":"WebSite","@id":"https:\/\/bitcoinhelixai.com\/#website","url":"https:\/\/bitcoinhelixai.com\/","name":"Bitcoin Pulse Trader","description":"","potentialAction":[{"@type":"SearchAction","target":{"@type":"EntryPoint","urlTemplate":"https:\/\/bitcoinhelixai.com\/?s={search_term_string}"},"query-input":{"@type":"PropertyValueSpecification","valueRequired":true,"valueName":"search_term_string"}}],"inLanguage":"tr"}]}},"_links":{"self":[{"href":"https:\/\/bitcoinhelixai.com\/tr\/wp-json\/wp\/v2\/pages\/2884","targetHints":{"allow":["GET"]}}],"collection":[{"href":"https:\/\/bitcoinhelixai.com\/tr\/wp-json\/wp\/v2\/pages"}],"about":[{"href":"https:\/\/bitcoinhelixai.com\/tr\/wp-json\/wp\/v2\/types\/page"}],"author":[{"embeddable":true,"href":"https:\/\/bitcoinhelixai.com\/tr\/wp-json\/wp\/v2\/users\/2"}],"replies":[{"embeddable":true,"href":"https:\/\/bitcoinhelixai.com\/tr\/wp-json\/wp\/v2\/comments?post=2884"}],"version-history":[{"count":9,"href":"https:\/\/bitcoinhelixai.com\/tr\/wp-json\/wp\/v2\/pages\/2884\/revisions"}],"predecessor-version":[{"id":3296,"href":"https:\/\/bitcoinhelixai.com\/tr\/wp-json\/wp\/v2\/pages\/2884\/revisions\/3296"}],"wp:attachment":[{"href":"https:\/\/bitcoinhelixai.com\/tr\/wp-json\/wp\/v2\/media?parent=2884"}],"curies":[{"name":"wp","href":"https:\/\/api.w.org\/{rel}","templated":true}]}}